{"id":1286,"date":"2025-04-28T20:07:55","date_gmt":"2025-04-28T20:07:55","guid":{"rendered":"https:\/\/derechomaz.uas.edu.mx\/?page_id=1286"},"modified":"2025-04-28T22:46:29","modified_gmt":"2025-04-28T22:46:29","slug":"mision-y-vision-de-la-carrera-en-derecho-mixta","status":"publish","type":"page","link":"https:\/\/derechomaz.uas.edu.mx\/index.php\/mision-y-vision-de-la-carrera-en-derecho-mixta\/","title":{"rendered":"Misi\u00f3n y Visi\u00f3n de la carrera en Derecho Mixta"},"content":{"rendered":"\n<h1 class=\"wp-block-heading\">Misi\u00f3n<\/h1>\n\n\n\n<p><\/p>\n\n\n\n<p>Formar profesionales del derecho competentes, con prestigio y reconocimiento social, cuyo perfil les permita generar y aplicar los conocimientos adquiridos de manera innovadora y atender las necesidades de la sociedad, para contribuir en el desarrollo sustentable a nivel estatal, regional y nacional, basados en la equidad, justicia, democracia y principios \u00e9ticos para la resoluci\u00f3n de problem\u00e1ticas sociales y jur\u00eddicas, con un alto sentido en los Derechos Humanos, as\u00ed como en la contribuci\u00f3n de la construcci\u00f3n del Estado de Derecho.<\/p>\n\n\n\n<h2 class=\"wp-block-heading\">Visi\u00f3n<\/h2>\n\n\n\n<p>Los egresados de la Licenciatura en Derecho modalidad mixta son profesionistas dotados de instrumentos metodol\u00f3gicos y jur\u00eddicos que se enriquecen para conocer el marco estructural de las normas jur\u00eddicas que regulan la conducta del ser humano; as\u00ed como investigar, analizar y resolver problemas que se generan en este campo del conocimiento; orientando un aprendizaje humanista del Derecho, formador de un profesional con sensibilidad y compromiso social, capacitado para proponer normas jur\u00eddicas alternativas que contribuyen a la consolidaci\u00f3n de una cultura de la paz.<\/p>\n\n\n\n<p id=\"block-91488d57-6cda-4ada-bb81-ebd3e8e336b0\"><\/p>\n\n\n\n<h2 class=\"wp-block-heading\"><\/h2>\n","protected":false},"excerpt":{"rendered":"<p>Breve historia de los or\u00edgenes de la Facultad de Derecho Mazatl\u00e1n&#8230;<\/p>\n","protected":false},"author":1,"featured_media":0,"parent":0,"menu_order":0,"comment_status":"closed","ping_status":"closed","template":"","meta":{"footnotes":""},"class_list":["post-1286","page","type-page","status-publish","hentry"],"_links":{"self":[{"href":"https:\/\/derechomaz.uas.edu.mx\/index.php\/wp-json\/wp\/v2\/pages\/1286","targetHints":{"allow":["GET"]}}],"collection":[{"href":"https:\/\/derechomaz.uas.edu.mx\/index.php\/wp-json\/wp\/v2\/pages"}],"about":[{"href":"https:\/\/derechomaz.uas.edu.mx\/index.php\/wp-json\/wp\/v2\/types\/page"}],"author":[{"embeddable":true,"href":"https:\/\/derechomaz.uas.edu.mx\/index.php\/wp-json\/wp\/v2\/users\/1"}],"replies":[{"embeddable":true,"href":"https:\/\/derechomaz.uas.edu.mx\/index.php\/wp-json\/wp\/v2\/comments?post=1286"}],"version-history":[{"count":4,"href":"https:\/\/derechomaz.uas.edu.mx\/index.php\/wp-json\/wp\/v2\/pages\/1286\/revisions"}],"predecessor-version":[{"id":1292,"href":"https:\/\/derechomaz.uas.edu.mx\/index.php\/wp-json\/wp\/v2\/pages\/1286\/revisions\/1292"}],"wp:attachment":[{"href":"https:\/\/derechomaz.uas.edu.mx\/index.php\/wp-json\/wp\/v2\/media?parent=1286"}],"curies":[{"name":"wp","href":"https:\/\/api.w.org\/{rel}","templated":true}]}}