{"id":1305,"date":"2025-04-29T20:35:14","date_gmt":"2025-04-29T20:35:14","guid":{"rendered":"https:\/\/derechomaz.uas.edu.mx\/?page_id=1305"},"modified":"2025-04-29T20:36:29","modified_gmt":"2025-04-29T20:36:29","slug":"perfil-de-ingreso","status":"publish","type":"page","link":"https:\/\/derechomaz.uas.edu.mx\/index.php\/perfil-de-ingreso\/","title":{"rendered":"Perfil de ingreso"},"content":{"rendered":"\n<h1 class=\"wp-block-heading\"><\/h1>\n\n\n\n<p><strong>El aspirante con inter\u00e9s de ingresar al Programa de la licenciatura en Derecho mixta de la Universidad Aut\u00f3noma de Sinaloa deber\u00e1 mostrar conocimientos, habilidades y actitudes que a continuaci\u00f3n se describen:<\/strong><\/p>\n\n\n\n<ul class=\"wp-block-list\">\n<li>Conocimientos b\u00e1sicos de inform\u00e1tica, ingl\u00e9s, historia universal y ciencias sociales.<\/li>\n\n\n\n<li>Actitudes de compromiso y responsabilidad ante sus estudios.<\/li>\n\n\n\n<li>Disposici\u00f3n al trabajo individual y en equipo.<\/li>\n\n\n\n<li>Capacidad cr\u00edtica y de argumentaci\u00f3n.<\/li>\n\n\n\n<li>Habilidades para la expresi\u00f3n oral y escrita.<\/li>\n\n\n\n<li>Manejo b\u00e1sico de computadora.<\/li>\n<\/ul>\n\n\n\n<p><strong>El aspirante a esta carrera debe contar con:<\/strong><\/p>\n\n\n\n<p><strong><em>Intereses en<\/em>:<\/strong> Comprensi\u00f3n lectora, investigaci\u00f3n, valores, cultura de la legalidad.<\/p>\n\n\n\n<p><strong><em>Aptitudes en<\/em>: <\/strong>Comunicaci\u00f3n, escritura, TIC\u00b4s.<\/p>\n\n\n\n<p><strong><em>Actitudes en<\/em>:<\/strong> Pensamiento cr\u00edtico, empat\u00eda, trabajo en equipo, negociaci\u00f3n.<\/p>\n\n\n\n<h2 class=\"wp-block-heading\"><\/h2>\n\n\n\n<p><\/p>\n","protected":false},"excerpt":{"rendered":"<p>Breve historia de los or\u00edgenes de la Facultad de Derecho Mazatl\u00e1n&#8230;<\/p>\n","protected":false},"author":1,"featured_media":0,"parent":0,"menu_order":0,"comment_status":"closed","ping_status":"closed","template":"","meta":{"footnotes":""},"class_list":["post-1305","page","type-page","status-publish","hentry"],"_links":{"self":[{"href":"https:\/\/derechomaz.uas.edu.mx\/index.php\/wp-json\/wp\/v2\/pages\/1305","targetHints":{"allow":["GET"]}}],"collection":[{"href":"https:\/\/derechomaz.uas.edu.mx\/index.php\/wp-json\/wp\/v2\/pages"}],"about":[{"href":"https:\/\/derechomaz.uas.edu.mx\/index.php\/wp-json\/wp\/v2\/types\/page"}],"author":[{"embeddable":true,"href":"https:\/\/derechomaz.uas.edu.mx\/index.php\/wp-json\/wp\/v2\/users\/1"}],"replies":[{"embeddable":true,"href":"https:\/\/derechomaz.uas.edu.mx\/index.php\/wp-json\/wp\/v2\/comments?post=1305"}],"version-history":[{"count":2,"href":"https:\/\/derechomaz.uas.edu.mx\/index.php\/wp-json\/wp\/v2\/pages\/1305\/revisions"}],"predecessor-version":[{"id":1307,"href":"https:\/\/derechomaz.uas.edu.mx\/index.php\/wp-json\/wp\/v2\/pages\/1305\/revisions\/1307"}],"wp:attachment":[{"href":"https:\/\/derechomaz.uas.edu.mx\/index.php\/wp-json\/wp\/v2\/media?parent=1305"}],"curies":[{"name":"wp","href":"https:\/\/api.w.org\/{rel}","templated":true}]}}