{"id":132,"date":"2022-03-18T19:12:47","date_gmt":"2022-03-18T19:12:47","guid":{"rendered":"http:\/\/derechomaz.uas.edu.mx\/?page_id=132"},"modified":"2022-11-16T18:49:57","modified_gmt":"2022-11-16T18:49:57","slug":"licenciatura-en-criminalistica-y-ciencias-forenses","status":"publish","type":"page","link":"https:\/\/derechomaz.uas.edu.mx\/index.php\/licenciatura-en-criminalistica-y-ciencias-forenses\/","title":{"rendered":"Licenciatura en Criminal\u00edstica y Ciencias Forenses"},"content":{"rendered":"\n<figure class=\"wp-block-table alignwide is-style-stripes stripe-color-uas\" style=\"font-size:14px\"><table><thead><tr><th class=\"has-text-align-center\" data-align=\"center\">Semestre I<\/th><th class=\"has-text-align-center\" data-align=\"center\">Semestre II<\/th><th class=\"has-text-align-center\" data-align=\"center\">Semestre III<\/th><th class=\"has-text-align-center\" data-align=\"center\">Semestre IV<\/th><th class=\"has-text-align-center\" data-align=\"center\">Semestre V<\/th><th class=\"has-text-align-center\" data-align=\"center\">Semestre VI<\/th><th class=\"has-text-align-center\" data-align=\"center\">Semestre VII<\/th><th class=\"has-text-align-center\" data-align=\"center\">Semestre VIII<\/th><th class=\"has-text-align-center\" data-align=\"center\">Semestre IX<\/th><th class=\"has-text-align-center\" data-align=\"center\">Semestre X<\/th><\/tr><\/thead><tbody><tr><td class=\"has-text-align-center\" data-align=\"center\"><a href=\"http:\/\/derechomaz.uas.edu.mx\/wp-content\/uploads\/2022\/11\/INTRODUCCION_AL_ESTUDIO_DE_LA_CRIMINALISTICA_GENERAL_I.pdf\" data-type=\"URL\" data-id=\"http:\/\/derechomaz.uas.edu.mx\/wp-content\/uploads\/2022\/11\/INTRODUCCION_AL_ESTUDIO_DE_LA_CRIMINALISTICA_GENERAL_I.pdf\" target=\"_blank\" rel=\"noreferrer noopener\">Introducci\u00f3n al Estudio de la Criminal\u00edstica General I<\/a><\/td><td class=\"has-text-align-center\" data-align=\"center\"><a href=\"http:\/\/derechomaz.uas.edu.mx\/wp-content\/uploads\/2022\/11\/INTRODUCCION_AL_ESTUDIO_DE_LA_CRIMINALISTICA_GENERAL_II.pdf\" data-type=\"URL\" data-id=\"http:\/\/derechomaz.uas.edu.mx\/wp-content\/uploads\/2022\/11\/INTRODUCCION_AL_ESTUDIO_DE_LA_CRIMINALISTICA_GENERAL_II.pdf\" target=\"_blank\" rel=\"noreferrer noopener\">Introducci\u00f3n al Estudio de la Criminal\u00edstica General II<\/a><\/td><td class=\"has-text-align-center\" data-align=\"center\"><a href=\"http:\/\/derechomaz.uas.edu.mx\/wp-content\/uploads\/2022\/10\/PSIQUIATRIA_FORENSE.pdf\" target=\"_blank\" rel=\"noreferrer noopener\">Psiquiatr\u00eda Forense<\/a><\/td><td class=\"has-text-align-center\" data-align=\"center\"><a href=\"http:\/\/derechomaz.uas.edu.mx\/wp-content\/uploads\/2022\/11\/PERFILACION_CRIMINAL.pdf\" data-type=\"URL\" data-id=\"http:\/\/derechomaz.uas.edu.mx\/wp-content\/uploads\/2022\/11\/PERFILACION_CRIMINAL.pdf\" target=\"_blank\" rel=\"noreferrer noopener\">Perfilaci\u00f3n Criminal<\/a><\/td><td class=\"has-text-align-center\" data-align=\"center\"><a href=\"http:\/\/derechomaz.uas.edu.mx\/wp-content\/uploads\/2022\/10\/VICTIMOLOG\u00cdA.pdf\" target=\"_blank\" rel=\"noreferrer noopener\">Victimolog\u00eda<\/a><\/td><td class=\"has-text-align-center\" data-align=\"center\"><a href=\"http:\/\/derechomaz.uas.edu.mx\/wp-content\/uploads\/2022\/11\/ANATOMIA_HUMANA.pdf\" data-type=\"URL\" data-id=\"http:\/\/derechomaz.uas.edu.mx\/wp-content\/uploads\/2022\/11\/ANATOMIA_HUMANA.pdf\" target=\"_blank\" rel=\"noreferrer noopener\">Anatom\u00eda Humana<\/a><\/td><td class=\"has-text-align-center\" data-align=\"center\"><a href=\"http:\/\/derechomaz.uas.edu.mx\/wp-content\/uploads\/2022\/10\/HEMATOLOGIA_FORENSE.pdf\" target=\"_blank\" rel=\"noreferrer noopener\">Hematolog\u00eda Forense<\/a><\/td><td class=\"has-text-align-center\" data-align=\"center\"><a href=\"http:\/\/derechomaz.uas.edu.mx\/wp-content\/uploads\/2022\/11\/CRIMINALISTICA_TANATOLOGICA.pdf\" data-type=\"URL\" data-id=\"http:\/\/derechomaz.uas.edu.mx\/wp-content\/uploads\/2022\/11\/CRIMINALISTICA_TANATOLOGICA.pdf\" target=\"_blank\" rel=\"noreferrer noopener\">Criminal\u00edstica Tanatol\u00f3gica<\/a><\/td><td class=\"has-text-align-center\" data-align=\"center\"><a href=\"http:\/\/derechomaz.uas.edu.mx\/wp-content\/uploads\/2022\/10\/\u00c9TICA_Y_DEONTOLOG\u00cdA_PERICIAL.pdf\" target=\"_blank\" rel=\"noreferrer noopener\">\u00c9tica y Deontolog\u00eda Pericial<\/a><\/td><td class=\"has-text-align-center\" data-align=\"center\">Estancia Profesional<\/td><\/tr><tr><td class=\"has-text-align-center\" data-align=\"center\"><a href=\"http:\/\/derechomaz.uas.edu.mx\/wp-content\/uploads\/2022\/10\/CRIMINOLOGIA_GENERAL.pdf\" data-type=\"URL\" target=\"_blank\" rel=\"noreferrer noopener\">Criminolog\u00eda General<\/a><\/td><td class=\"has-text-align-center\" data-align=\"center\"><a href=\"http:\/\/derechomaz.uas.edu.mx\/wp-content\/uploads\/2022\/11\/CRIMINOLOGIA_CLINICA.pdf\" data-type=\"URL\" data-id=\"http:\/\/derechomaz.uas.edu.mx\/wp-content\/uploads\/2022\/11\/CRIMINOLOGIA_CLINICA.pdf\" target=\"_blank\" rel=\"noreferrer noopener\">Criminolog\u00eda Cl\u00ednica<\/a><\/td><td class=\"has-text-align-center\" data-align=\"center\"><a href=\"http:\/\/derechomaz.uas.edu.mx\/wp-content\/uploads\/2022\/10\/BASES_METODOLOGICAS_Y_PROTOCOLOS_DE_INVESTIGACION_CRIMINALISTICA.pdf\" target=\"_blank\" rel=\"noreferrer noopener\">Bases Metodol\u00f3gicas y Protocolos de Investigaci\u00f3n Criminal\u00edstica<\/a><\/td><td class=\"has-text-align-center\" data-align=\"center\"><a href=\"http:\/\/derechomaz.uas.edu.mx\/wp-content\/uploads\/2022\/11\/PSICOLOGIA_FORENSE.pdf\" data-type=\"URL\" data-id=\"http:\/\/derechomaz.uas.edu.mx\/wp-content\/uploads\/2022\/11\/PSICOLOGIA_FORENSE.pdf\" target=\"_blank\" rel=\"noreferrer noopener\">Psicolog\u00eda Forense<\/a><\/td><td class=\"has-text-align-center\" data-align=\"center\"><a href=\"http:\/\/derechomaz.uas.edu.mx\/wp-content\/uploads\/2022\/10\/CRIMINALISTICA_EN_HECHOS_DE_TRANSITO.pdf\" target=\"_blank\" rel=\"noreferrer noopener\">Criminal\u00edstica en Hechos de Tr\u00e1nsito Terrestre<\/a><\/td><td class=\"has-text-align-center\" data-align=\"center\"><a href=\"http:\/\/derechomaz.uas.edu.mx\/wp-content\/uploads\/2022\/11\/TRAUMATOLOGIA_FORENSE.pdf\" data-type=\"URL\" data-id=\"http:\/\/derechomaz.uas.edu.mx\/wp-content\/uploads\/2022\/11\/TRAUMATOLOGIA_FORENSE.pdf\" target=\"_blank\" rel=\"noreferrer noopener\">Traumatolog\u00eda Forense<\/a><\/td><td class=\"has-text-align-center\" data-align=\"center\"><a href=\"http:\/\/derechomaz.uas.edu.mx\/wp-content\/uploads\/2022\/10\/ANTROPOLOG\u00cdA_FORENSE.pdf\" target=\"_blank\" rel=\"noreferrer noopener\">Antropolog\u00eda Forense<\/a><\/td><td class=\"has-text-align-center\" data-align=\"center\"><a href=\"http:\/\/derechomaz.uas.edu.mx\/wp-content\/uploads\/2022\/11\/ODONTOLOGIA_FORENSE.pdf\" data-type=\"URL\" data-id=\"http:\/\/derechomaz.uas.edu.mx\/wp-content\/uploads\/2022\/11\/ODONTOLOGIA_FORENSE.pdf\" target=\"_blank\" rel=\"noreferrer noopener\">Odontolog\u00eda Forense<\/a><\/td><td class=\"has-text-align-center\" data-align=\"center\"><a href=\"http:\/\/derechomaz.uas.edu.mx\/wp-content\/uploads\/2022\/10\/CASUISTICA_DE_INCENDIOS_Y_EXPLOSIVOS.pdf\" target=\"_blank\" rel=\"noreferrer noopener\">Casu\u00edstica de Incendios y Explosiones<\/a><\/td><td class=\"has-text-align-center\" data-align=\"center\"><a href=\"http:\/\/derechomaz.uas.edu.mx\/wp-content\/uploads\/2022\/11\/SEMINARIO_DE_INVESTIGACION_II.pdf\" data-type=\"URL\" data-id=\"http:\/\/derechomaz.uas.edu.mx\/wp-content\/uploads\/2022\/11\/SEMINARIO_DE_INVESTIGACION_II.pdf\" target=\"_blank\" rel=\"noreferrer noopener\">Seminario de Investigaci\u00f3n II<\/a><\/td><\/tr><tr><td class=\"has-text-align-center\" data-align=\"center\"><a href=\"http:\/\/derechomaz.uas.edu.mx\/wp-content\/uploads\/2022\/10\/FOTOGRAFIA_FORENSE.pdf\" target=\"_blank\" rel=\"noreferrer noopener\">Fotograf\u00eda Forense<\/a><\/td><td class=\"has-text-align-center\" data-align=\"center\"><a href=\"http:\/\/derechomaz.uas.edu.mx\/wp-content\/uploads\/2022\/11\/TECNICAS_FORENSES_DE_INVESTIGACION.pdf\" data-type=\"URL\" data-id=\"http:\/\/derechomaz.uas.edu.mx\/wp-content\/uploads\/2022\/11\/TECNICAS_FORENSES_DE_INVESTIGACION.pdf\" target=\"_blank\" rel=\"noreferrer noopener\">T\u00e9cnicas Forenses de Identificaci\u00f3n<\/a><\/td><td class=\"has-text-align-center\" data-align=\"center\"><a href=\"http:\/\/derechomaz.uas.edu.mx\/wp-content\/uploads\/2022\/10\/CRIMINAL\u00cdSTICA_DACTILOSC\u00d3PICA.pdf\" data-type=\"URL\" data-id=\"http:\/\/derechomaz.uas.edu.mx\/wp-content\/uploads\/2022\/10\/CRIMINAL\u00cdSTICA_DACTILOSC\u00d3PICA.pdf\" target=\"_blank\" rel=\"noreferrer noopener\">Criminal\u00edstica Dactilosc\u00f3pica<\/a><\/td><td class=\"has-text-align-center\" data-align=\"center\"><a href=\"http:\/\/derechomaz.uas.edu.mx\/wp-content\/uploads\/2022\/11\/FISICA_APLICADA_A_LA_CRIMINALISTICA.pdf\" data-type=\"URL\" data-id=\"http:\/\/derechomaz.uas.edu.mx\/wp-content\/uploads\/2022\/11\/FISICA_APLICADA_A_LA_CRIMINALISTICA.pdf\" target=\"_blank\" rel=\"noreferrer noopener\">F\u00edsica Aplicada a la Criminal\u00edstica<\/a><\/td><td class=\"has-text-align-center\" data-align=\"center\"><a href=\"http:\/\/derechomaz.uas.edu.mx\/wp-content\/uploads\/2022\/10\/DOCUMENTOSCOPIA_FORENSE.pdf\" target=\"_blank\" rel=\"noreferrer noopener\">Documentoscop\u00eda Forense<\/a><\/td><td class=\"has-text-align-center\" data-align=\"center\"><a href=\"http:\/\/derechomaz.uas.edu.mx\/wp-content\/uploads\/2022\/11\/QUIMICA_FORENSE.pdf\" data-type=\"URL\" data-id=\"http:\/\/derechomaz.uas.edu.mx\/wp-content\/uploads\/2022\/11\/QUIMICA_FORENSE.pdf\" target=\"_blank\" rel=\"noreferrer noopener\">Qu\u00edmica Forense<\/a><\/td><td class=\"has-text-align-center\" data-align=\"center\"><a href=\"http:\/\/derechomaz.uas.edu.mx\/wp-content\/uploads\/2022\/10\/GINECOOBSTETRICIA_FORENSE.pdf\" target=\"_blank\" rel=\"noreferrer noopener\">Ginecoobstetricia Forense<\/a><\/td><td class=\"has-text-align-center\" data-align=\"center\"><a href=\"http:\/\/derechomaz.uas.edu.mx\/wp-content\/uploads\/2022\/11\/SOCIOLOGIA_Y-POLITICA_CRIMINAL.pdf\" data-type=\"URL\" data-id=\"http:\/\/derechomaz.uas.edu.mx\/wp-content\/uploads\/2022\/11\/SOCIOLOGIA_Y-POLITICA_CRIMINAL.pdf\" target=\"_blank\" rel=\"noreferrer noopener\">Sociolog\u00eda y Pol\u00edtica Criminal<\/a><\/td><td class=\"has-text-align-center\" data-align=\"center\"><a href=\"http:\/\/derechomaz.uas.edu.mx\/wp-content\/uploads\/2022\/10\/T\u00c9CNICA_DE_LA_ENTREVISTA_E_INTERROGATORIO.pdf\" target=\"_blank\" rel=\"noreferrer noopener\">T\u00e9cnica de la Entrevista e Interrogatorio<\/a><\/td><td class=\"has-text-align-center\" data-align=\"center\">&#8211;<\/td><\/tr><tr><td class=\"has-text-align-center\" data-align=\"center\"><a href=\"http:\/\/derechomaz.uas.edu.mx\/wp-content\/uploads\/2022\/11\/INTRODUCCION_AL_ESTUDIO_DEL_DERECHO.pdf\" data-type=\"URL\" data-id=\"http:\/\/derechomaz.uas.edu.mx\/wp-content\/uploads\/2022\/11\/INTRODUCCION_AL_ESTUDIO_DEL_DERECHO.pdf\" target=\"_blank\" rel=\"noreferrer noopener\">Introducci\u00f3n al Estudio del Derecho<\/a><\/td><td class=\"has-text-align-center\" data-align=\"center\"><a href=\"http:\/\/derechomaz.uas.edu.mx\/wp-content\/uploads\/2022\/11\/RETRATO_HABLADO_Y_LA_TECNICA_DE_LA_MEDIA_FILIACION.pdf\" data-type=\"URL\" data-id=\"http:\/\/derechomaz.uas.edu.mx\/wp-content\/uploads\/2022\/11\/RETRATO_HABLADO_Y_LA_TECNICA_DE_LA_MEDIA_FILIACION.pdf\" target=\"_blank\" rel=\"noreferrer noopener\">Retrato Hablado y la T\u00e9cnica de la Media Filiaci\u00f3n<\/a><\/td><td class=\"has-text-align-center\" data-align=\"center\"><a href=\"http:\/\/derechomaz.uas.edu.mx\/wp-content\/uploads\/2022\/10\/PLANIMETR\u00cdA_FORENSE.pdf\" target=\"_blank\" rel=\"noreferrer noopener\">Planimetr\u00eda Forense<\/a><\/td><td class=\"has-text-align-center\" data-align=\"center\"><a href=\"http:\/\/derechomaz.uas.edu.mx\/wp-content\/uploads\/2022\/11\/GRAFOSCOPIA_FORENSE.pdf\" data-type=\"URL\" data-id=\"http:\/\/derechomaz.uas.edu.mx\/wp-content\/uploads\/2022\/11\/GRAFOSCOPIA_FORENSE.pdf\" target=\"_blank\" rel=\"noreferrer noopener\">Grafoscop\u00eda Forense<\/a><\/td><td class=\"has-text-align-center\" data-align=\"center\"><a href=\"http:\/\/derechomaz.uas.edu.mx\/wp-content\/uploads\/2022\/10\/POLIGRAF\u00cdA_FORENSE.pdf\" target=\"_blank\" rel=\"noreferrer noopener\">Poligraf\u00eda Forense<\/a><\/td><td class=\"has-text-align-center\" data-align=\"center\"><a href=\"http:\/\/derechomaz.uas.edu.mx\/wp-content\/uploads\/2022\/11\/TOXICOLOGIA_FORENSE.pdf\" data-type=\"URL\" data-id=\"http:\/\/derechomaz.uas.edu.mx\/wp-content\/uploads\/2022\/11\/TOXICOLOGIA_FORENSE.pdf\" target=\"_blank\" rel=\"noreferrer noopener\">Toxicolog\u00eda Forense<\/a><\/td><td class=\"has-text-align-center\" data-align=\"center\"><a href=\"http:\/\/derechomaz.uas.edu.mx\/wp-content\/uploads\/2022\/10\/BAL\u00cdSTICA_FORENSE.pdf\" target=\"_blank\" rel=\"noreferrer noopener\">Bal\u00edstica Forense<\/a><\/td><td class=\"has-text-align-center\" data-align=\"center\"><a href=\"http:\/\/derechomaz.uas.edu.mx\/wp-content\/uploads\/2022\/11\/ARMAMENTO_Y_EXPLOSIVOS.pdf\" data-type=\"URL\" data-id=\"http:\/\/derechomaz.uas.edu.mx\/wp-content\/uploads\/2022\/11\/ARMAMENTO_Y_EXPLOSIVOS.pdf\" target=\"_blank\" rel=\"noreferrer noopener\">Armamento y Explosivos<\/a><\/td><td class=\"has-text-align-center\" data-align=\"center\">Intervenci\u00f3n Pericial en el Procedimiento Penal II<\/td><td class=\"has-text-align-center\" data-align=\"center\">&#8211;<\/td><\/tr><tr><td class=\"has-text-align-center\" data-align=\"center\"><a href=\"http:\/\/derechomaz.uas.edu.mx\/wp-content\/uploads\/2022\/10\/TECNOLOGIAS_DE_LA_INFORMACION_Y_COMUNICACION.pdf\" target=\"_blank\" rel=\"noreferrer noopener\">Tecnolog\u00edas de la Informaci\u00f3n y Comunicaci\u00f3n<\/a><\/td><td class=\"has-text-align-center\" data-align=\"center\"><a href=\"http:\/\/derechomaz.uas.edu.mx\/wp-content\/uploads\/2022\/11\/DERECHO_CONSTITUCIONAL.pdf\" data-type=\"URL\" data-id=\"http:\/\/derechomaz.uas.edu.mx\/wp-content\/uploads\/2022\/11\/DERECHO_CONSTITUCIONAL.pdf\" target=\"_blank\" rel=\"noreferrer noopener\">Derecho Constitucional<\/a><\/td><td class=\"has-text-align-center\" data-align=\"center\"><a href=\"http:\/\/derechomaz.uas.edu.mx\/wp-content\/uploads\/2022\/10\/DERECHO_PENAL.pdf\" target=\"_blank\" rel=\"noreferrer noopener\">Derecho Penal<\/a><\/td><td class=\"has-text-align-center\" data-align=\"center\"><a href=\"http:\/\/derechomaz.uas.edu.mx\/wp-content\/uploads\/2022\/11\/IDENTIFICACION_VEHICULAR_Y_VALUACION.pdf\" data-type=\"URL\" data-id=\"http:\/\/derechomaz.uas.edu.mx\/wp-content\/uploads\/2022\/11\/IDENTIFICACION_VEHICULAR_Y_VALUACION.pdf\" target=\"_blank\" rel=\"noreferrer noopener\">Identificaci\u00f3n Vehicular y Valuaci\u00f3n<\/a><\/td><td class=\"has-text-align-center\" data-align=\"center\"><a href=\"http:\/\/derechomaz.uas.edu.mx\/wp-content\/uploads\/2022\/10\/DERECHOS_HUMANOS.pdf\" target=\"_blank\" rel=\"noreferrer noopener\">Derechos Humanos<\/a><\/td><td class=\"has-text-align-center\" data-align=\"center\">Juicios Orales I<\/td><td class=\"has-text-align-center\" data-align=\"center\"><a href=\"http:\/\/derechomaz.uas.edu.mx\/wp-content\/uploads\/2022\/10\/CRIMINALISTICA_DE_CAMPO_ESPECIALIZADA.pdf\" target=\"_blank\" rel=\"noreferrer noopener\">Criminal\u00edstica de Campo Especializada<\/a><\/td><td class=\"has-text-align-center\" data-align=\"center\"><a href=\"http:\/\/derechomaz.uas.edu.mx\/wp-content\/uploads\/2022\/11\/INTERVENCION_PERICIAL_EN_EL_PROCEDIMIENTO_JUDICIAL_I.pdf\" data-type=\"URL\" data-id=\"http:\/\/derechomaz.uas.edu.mx\/wp-content\/uploads\/2022\/11\/INTERVENCION_PERICIAL_EN_EL_PROCEDIMIENTO_JUDICIAL_I.pdf\" target=\"_blank\" rel=\"noreferrer noopener\">Intervenci\u00f3n Pericial en el Procedimiento Penal I<\/a><\/td><td class=\"has-text-align-center\" data-align=\"center\"><a href=\"http:\/\/derechomaz.uas.edu.mx\/wp-content\/uploads\/2022\/10\/FUNDAMENTO_DE_DICTAMINACI\u00d3N_PERICIAL_II.pdf\" target=\"_blank\" rel=\"noreferrer noopener\">Fundamentos de Dictaminaci\u00f3n Pericial II<\/a><\/td><td class=\"has-text-align-center\" data-align=\"center\">&#8211;<\/td><\/tr><tr><td class=\"has-text-align-center\" data-align=\"center\"><a href=\"http:\/\/derechomaz.uas.edu.mx\/wp-content\/uploads\/2022\/10\/INGLES_I.pdf\" target=\"_blank\" rel=\"noreferrer noopener\">Ingl\u00e9s I<\/a><\/td><td class=\"has-text-align-center\" data-align=\"center\"><a href=\"http:\/\/derechomaz.uas.edu.mx\/wp-content\/uploads\/2022\/11\/COMPRENSION_Y_PRODUCCION_DE_TEXTOS.pdf\" data-type=\"URL\" data-id=\"http:\/\/derechomaz.uas.edu.mx\/wp-content\/uploads\/2022\/11\/COMPRENSION_Y_PRODUCCION_DE_TEXTOS.pdf\" target=\"_blank\" rel=\"noreferrer noopener\">Comprensi\u00f3n y Producci\u00f3n de Textos Cient\u00edficos<\/a><\/td><td class=\"has-text-align-center\" data-align=\"center\"><a href=\"http:\/\/derechomaz.uas.edu.mx\/wp-content\/uploads\/2022\/10\/DESARROLLO_HUMANO_Y_TRABAJO_COLABORATIVO.pdf\" target=\"_blank\" rel=\"noreferrer noopener\">Desarrollo Humano y Trabajo Colaborativo<\/a><\/td><td class=\"has-text-align-center\" data-align=\"center\"><a href=\"http:\/\/derechomaz.uas.edu.mx\/wp-content\/uploads\/2022\/11\/DERECHO_PENAL_II.pdf\" data-type=\"URL\" data-id=\"http:\/\/derechomaz.uas.edu.mx\/wp-content\/uploads\/2022\/11\/DERECHO_PENAL_II.pdf\" target=\"_blank\" rel=\"noreferrer noopener\">Derecho Procesal Penal<\/a><\/td><td class=\"has-text-align-center\" data-align=\"center\"><a href=\"http:\/\/derechomaz.uas.edu.mx\/wp-content\/uploads\/2022\/10\/ARGUMENTACI\u00d3N_JUR\u00cdDICA_ORAL_Y_ESCRITA.pdf\" target=\"_blank\" rel=\"noreferrer noopener\">Argumentaci\u00f3n Jur\u00eddica Oral y Escrita<\/a><\/td><td class=\"has-text-align-center\" data-align=\"center\"><a href=\"http:\/\/derechomaz.uas.edu.mx\/wp-content\/uploads\/2022\/11\/MEDICINA_LEGAL.pdf\" data-type=\"URL\" data-id=\"http:\/\/derechomaz.uas.edu.mx\/wp-content\/uploads\/2022\/11\/MEDICINA_LEGAL.pdf\" target=\"_blank\" rel=\"noreferrer noopener\">Medicina Legal<\/a><\/td><td class=\"has-text-align-center\" data-align=\"center\">Juicios Orales II<\/td><td class=\"has-text-align-center\" data-align=\"center\"><a href=\"http:\/\/derechomaz.uas.edu.mx\/wp-content\/uploads\/2022\/11\/FUNDAMENTO_DE_DICTAMINACION_PERICIAL_I.pdf\" data-type=\"URL\" data-id=\"http:\/\/derechomaz.uas.edu.mx\/wp-content\/uploads\/2022\/11\/FUNDAMENTO_DE_DICTAMINACION_PERICIAL_I.pdf\" target=\"_blank\" rel=\"noreferrer noopener\">Fundamentos de Dictaminaci\u00f3n Pericial I<\/a><\/td><td class=\"has-text-align-center\" data-align=\"center\"><a href=\"http:\/\/derechomaz.uas.edu.mx\/wp-content\/uploads\/2022\/10\/SEMINARIO_DE_INVESTIGACION_I.pdf\" target=\"_blank\" rel=\"noreferrer noopener\">Seminario de Investigaci\u00f3n I<\/a><\/td><td class=\"has-text-align-center\" data-align=\"center\">&#8211;<\/td><\/tr><tr><td class=\"has-text-align-center\" data-align=\"center\">&#8211;<\/td><td class=\"has-text-align-center\" data-align=\"center\"><a href=\"http:\/\/derechomaz.uas.edu.mx\/wp-content\/uploads\/2022\/11\/INGLES_II.pdf\" data-type=\"URL\" data-id=\"http:\/\/derechomaz.uas.edu.mx\/wp-content\/uploads\/2022\/11\/INGLES_II.pdf\" target=\"_blank\" rel=\"noreferrer noopener\">Ingl\u00e9s II<\/a><\/td><td class=\"has-text-align-center\" data-align=\"center\"><a href=\"http:\/\/derechomaz.uas.edu.mx\/wp-content\/uploads\/2022\/10\/INGLES_III.pdf\" target=\"_blank\" rel=\"noreferrer noopener\">Ingl\u00e9s III<\/a><\/td><td class=\"has-text-align-center\" data-align=\"center\"><a href=\"http:\/\/derechomaz.uas.edu.mx\/wp-content\/uploads\/2022\/11\/EXPRESION_Y_COMUNICACION_ORAL.pdf\" data-type=\"URL\" data-id=\"http:\/\/derechomaz.uas.edu.mx\/wp-content\/uploads\/2022\/11\/EXPRESION_Y_COMUNICACION_ORAL.pdf\" target=\"_blank\" rel=\"noreferrer noopener\">Expresi\u00f3n y Comunicaci\u00f3n Oral<\/a><\/td><td class=\"has-text-align-center\" data-align=\"center\">&#8211;<\/td><td class=\"has-text-align-center\" data-align=\"center\"><a href=\"http:\/\/derechomaz.uas.edu.mx\/wp-content\/uploads\/2022\/11\/METODOS_CUANTITATIVOS_PARA_EL_ANALISIS_DE_DATOS.pdf\" data-type=\"URL\" data-id=\"http:\/\/derechomaz.uas.edu.mx\/wp-content\/uploads\/2022\/11\/METODOS_CUANTITATIVOS_PARA_EL_ANALISIS_DE_DATOS.pdf\" target=\"_blank\" rel=\"noreferrer noopener\">M\u00e9todos Cuantitativos para el An\u00e1lisis de Datos<\/a><\/td><td class=\"has-text-align-center\" data-align=\"center\"><a href=\"http:\/\/derechomaz.uas.edu.mx\/wp-content\/uploads\/2022\/10\/DERECHO_CIVIL_II.pdf\" target=\"_blank\" rel=\"noreferrer noopener\">Derecho Civil<\/a><\/td><td class=\"has-text-align-center\" data-align=\"center\">&#8211;<\/td><td class=\"has-text-align-center\" data-align=\"center\">&#8211;<\/td><td class=\"has-text-align-center\" data-align=\"center\">&#8211;<\/td><\/tr><\/tbody><\/table><\/figure>\n","protected":false},"excerpt":{"rendered":"<p>Semestre I Semestre II Semestre III Semestre IV Semestre V Semestre VI Semestre VII Semestre VIII Semestre IX Semestre X Introducci\u00f3n al Estudio de la Criminal\u00edstica General I Introducci\u00f3n al Estudio de la Criminal\u00edstica General II Psiquiatr\u00eda Forense Perfilaci\u00f3n Criminal Victimolog\u00eda Anatom\u00eda Humana Hematolog\u00eda Forense Criminal\u00edstica Tanatol\u00f3gica \u00c9tica y Deontolog\u00eda Pericial Estancia Profesional Criminolog\u00eda General [&hellip;]<\/p>\n","protected":false},"author":1,"featured_media":0,"parent":0,"menu_order":0,"comment_status":"closed","ping_status":"closed","template":"","meta":{"footnotes":""},"class_list":["post-132","page","type-page","status-publish","hentry"],"_links":{"self":[{"href":"https:\/\/derechomaz.uas.edu.mx\/index.php\/wp-json\/wp\/v2\/pages\/132","targetHints":{"allow":["GET"]}}],"collection":[{"href":"https:\/\/derechomaz.uas.edu.mx\/index.php\/wp-json\/wp\/v2\/pages"}],"about":[{"href":"https:\/\/derechomaz.uas.edu.mx\/index.php\/wp-json\/wp\/v2\/types\/page"}],"author":[{"embeddable":true,"href":"https:\/\/derechomaz.uas.edu.mx\/index.php\/wp-json\/wp\/v2\/users\/1"}],"replies":[{"embeddable":true,"href":"https:\/\/derechomaz.uas.edu.mx\/index.php\/wp-json\/wp\/v2\/comments?post=132"}],"version-history":[{"count":28,"href":"https:\/\/derechomaz.uas.edu.mx\/index.php\/wp-json\/wp\/v2\/pages\/132\/revisions"}],"predecessor-version":[{"id":1186,"href":"https:\/\/derechomaz.uas.edu.mx\/index.php\/wp-json\/wp\/v2\/pages\/132\/revisions\/1186"}],"wp:attachment":[{"href":"https:\/\/derechomaz.uas.edu.mx\/index.php\/wp-json\/wp\/v2\/media?parent=132"}],"curies":[{"name":"wp","href":"https:\/\/api.w.org\/{rel}","templated":true}]}}