{"id":139,"date":"2022-03-18T19:14:47","date_gmt":"2022-03-18T19:14:47","guid":{"rendered":"http:\/\/derechomaz.uas.edu.mx\/?page_id=139"},"modified":"2022-04-28T16:47:31","modified_gmt":"2022-04-28T16:47:31","slug":"normatividad","status":"publish","type":"page","link":"https:\/\/derechomaz.uas.edu.mx\/index.php\/normatividad\/","title":{"rendered":"Normatividad"},"content":{"rendered":"\n<h2 class=\"wp-block-heading\">Reglamentos<\/h2>\n\n\n\n<ul class=\"wp-block-list\"><li><a href=\"http:\/\/derechomaz.uas.edu.mx\/wp-content\/uploads\/2022\/04\/REGLAMENTO-SECRETARIA-ACADEMICA.pdf\" data-type=\"URL\" data-id=\"http:\/\/derechomaz.uas.edu.mx\/wp-content\/uploads\/2022\/04\/REGLAMENTO-SECRETARIA-ACADEMICA.pdf\" target=\"_blank\" rel=\"noreferrer noopener\">Acad\u00e9mico<\/a><\/li><li><a href=\"http:\/\/derechomaz.uas.edu.mx\/wp-content\/uploads\/2022\/04\/REGLAMENTO-DE-BIBLIOTECA.pdf\" data-type=\"URL\" data-id=\"http:\/\/derechomaz.uas.edu.mx\/wp-content\/uploads\/2022\/04\/REGLAMENTO-DE-BIBLIOTECA.pdf\" target=\"_blank\" rel=\"noreferrer noopener\">Biblioteca<\/a><\/li><li><a href=\"http:\/\/derechomaz.uas.edu.mx\/wp-content\/uploads\/2022\/04\/REGLAMENTO-DE-BUFETE-JURIDICO.pdf\" data-type=\"URL\" data-id=\"http:\/\/derechomaz.uas.edu.mx\/wp-content\/uploads\/2022\/04\/REGLAMENTO-DE-BUFETE-JURIDICO.pdf\" target=\"_blank\" rel=\"noreferrer noopener\">Bufete jur\u00eddico<\/a><\/li><li><a href=\"http:\/\/derechomaz.uas.edu.mx\/wp-content\/uploads\/2022\/04\/REGLAMENTO-CENTRO-DE-COMPUTO.pdf\" data-type=\"URL\" data-id=\"http:\/\/derechomaz.uas.edu.mx\/wp-content\/uploads\/2022\/04\/REGLAMENTO-CENTRO-DE-COMPUTO.pdf\" target=\"_blank\" rel=\"noreferrer noopener\">Centro de computo<\/a><\/li><li><a href=\"http:\/\/derechomaz.uas.edu.mx\/wp-content\/uploads\/2022\/04\/REGLAMENTO-DE-CONTROL-ESCOLAR.pdf\" data-type=\"URL\" data-id=\"http:\/\/derechomaz.uas.edu.mx\/wp-content\/uploads\/2022\/04\/REGLAMENTO-DE-CONTROL-ESCOLAR.pdf\" target=\"_blank\" rel=\"noreferrer noopener\">Control escolar<\/a><\/li><li><a href=\"http:\/\/derechomaz.uas.edu.mx\/wp-content\/uploads\/2022\/04\/REGLAMENTO-DE-POSGRADO.pdf\" data-type=\"URL\" data-id=\"http:\/\/derechomaz.uas.edu.mx\/wp-content\/uploads\/2022\/04\/REGLAMENTO-DE-POSGRADO.pdf\" target=\"_blank\" rel=\"noreferrer noopener\">Posgrado<\/a><\/li><\/ul>\n\n\n\n<h2 class=\"wp-block-heading\">Manual Operativo<\/h2>\n\n\n\n<ul class=\"wp-block-list\"><li><a href=\"http:\/\/derechomaz.uas.edu.mx\/wp-content\/uploads\/2022\/04\/MANUAL-OPERATIVO-SECRETARIA-ADMINISTRATIVA.pdf\" data-type=\"URL\" data-id=\"http:\/\/derechomaz.uas.edu.mx\/wp-content\/uploads\/2022\/04\/MANUAL-OPERATIVO-SECRETARIA-ADMINISTRATIVA.pdf\" target=\"_blank\" rel=\"noreferrer noopener\">Secretar\u00eda Administrativa<\/a><\/li><li><a href=\"http:\/\/derechomaz.uas.edu.mx\/wp-content\/uploads\/2022\/04\/MANUAL-OPERATIVO-INFORMATICA-JURIDICA.pdf\" data-type=\"URL\" data-id=\"http:\/\/derechomaz.uas.edu.mx\/wp-content\/uploads\/2022\/04\/MANUAL-OPERATIVO-INFORMATICA-JURIDICA.pdf\" target=\"_blank\" rel=\"noreferrer noopener\">Inform\u00e1tica Jur\u00eddica<\/a><\/li><\/ul>\n","protected":false},"excerpt":{"rendered":"<p>Reglamentos Acad\u00e9mico Biblioteca Bufete jur\u00eddico Centro de computo Control escolar Posgrado Manual Operativo Secretar\u00eda Administrativa Inform\u00e1tica Jur\u00eddica<\/p>\n","protected":false},"author":1,"featured_media":0,"parent":0,"menu_order":0,"comment_status":"closed","ping_status":"closed","template":"","meta":{"footnotes":""},"class_list":["post-139","page","type-page","status-publish","hentry"],"_links":{"self":[{"href":"https:\/\/derechomaz.uas.edu.mx\/index.php\/wp-json\/wp\/v2\/pages\/139","targetHints":{"allow":["GET"]}}],"collection":[{"href":"https:\/\/derechomaz.uas.edu.mx\/index.php\/wp-json\/wp\/v2\/pages"}],"about":[{"href":"https:\/\/derechomaz.uas.edu.mx\/index.php\/wp-json\/wp\/v2\/types\/page"}],"author":[{"embeddable":true,"href":"https:\/\/derechomaz.uas.edu.mx\/index.php\/wp-json\/wp\/v2\/users\/1"}],"replies":[{"embeddable":true,"href":"https:\/\/derechomaz.uas.edu.mx\/index.php\/wp-json\/wp\/v2\/comments?post=139"}],"version-history":[{"count":5,"href":"https:\/\/derechomaz.uas.edu.mx\/index.php\/wp-json\/wp\/v2\/pages\/139\/revisions"}],"predecessor-version":[{"id":602,"href":"https:\/\/derechomaz.uas.edu.mx\/index.php\/wp-json\/wp\/v2\/pages\/139\/revisions\/602"}],"wp:attachment":[{"href":"https:\/\/derechomaz.uas.edu.mx\/index.php\/wp-json\/wp\/v2\/media?parent=139"}],"curies":[{"name":"wp","href":"https:\/\/api.w.org\/{rel}","templated":true}]}}