{"id":25,"date":"2022-03-15T21:10:27","date_gmt":"2022-03-15T21:10:27","guid":{"rendered":"http:\/\/derechomaz.uas.edu.mx\/?page_id=25"},"modified":"2022-04-05T18:36:28","modified_gmt":"2022-04-05T18:36:28","slug":"directorio","status":"publish","type":"page","link":"https:\/\/derechomaz.uas.edu.mx\/index.php\/directorio\/","title":{"rendered":"Directorio"},"content":{"rendered":"\n<h2 class=\"wp-block-heading\"> Contactos de la Facultad de Derecho Mazatl\u00e1n<\/h2>\n\n\n\n<div class=\"wp-block-columns is-layout-flex wp-container-core-columns-is-layout-28f84493 wp-block-columns-is-layout-flex\">\n<div class=\"wp-block-column is-vertically-aligned-top is-layout-flow wp-block-column-is-layout-flow\" style=\"flex-basis:100%\">\n<div class=\"wp-block-group alignwide is-layout-flow wp-block-group-is-layout-flow\">\n<figure class=\"wp-block-table is-style-stripes\"><table><thead><tr><th class=\"has-text-align-center\" data-align=\"center\">Puesto<\/th><th class=\"has-text-align-center\" data-align=\"center\">Nombre<\/th><th class=\"has-text-align-center\" data-align=\"center\">Contacto<\/th><\/tr><\/thead><tbody><tr><td class=\"has-text-align-center\" data-align=\"center\"><strong><em>Director<\/em><\/strong><\/td><td class=\"has-text-align-center\" data-align=\"center\">Dr. Jos\u00e9 Ram\u00f3n Bonilla Rojas<\/td><td class=\"has-text-align-center\" data-align=\"center\">j.bonilla@uas.edu.mx<br>Tel.: 982-41-27<\/td><\/tr><tr><td class=\"has-text-align-center\" data-align=\"center\"><strong><em>Secretar\u00eda Acad\u00e9mica<\/em><\/strong><\/td><td class=\"has-text-align-center\" data-align=\"center\">MC. Rosa Amelia Tirado Ruiz<\/td><td class=\"has-text-align-center\" data-align=\"center\">rosatirado@uas.edu.mx<br>Tel.: 118-40-47<\/td><\/tr><tr><td class=\"has-text-align-center\" data-align=\"center\"><strong><em>Secretar\u00eda Administrativa<\/em><\/strong><\/td><td class=\"has-text-align-center\" data-align=\"center\">Lic. Claudia Esthela Murillo Luque<\/td><td class=\"has-text-align-center\" data-align=\"center\">claudiamurillo@uas.edu.mx<br>Tel.: 982-41-27<\/td><\/tr><tr><td class=\"has-text-align-center\" data-align=\"center\"><strong><em>Coordinaci\u00f3n de Licenciatura Semiescolarizada<\/em><\/strong><\/td><td class=\"has-text-align-center\" data-align=\"center\">Lic. Carlos Eduardo Ca\u00f1edo Mayorqu\u00edn<\/td><td class=\"has-text-align-center\" data-align=\"center\">carloscanedo@uas.edu.mx<br>Tel.: 118-40-47<\/td><\/tr><tr><td class=\"has-text-align-center\" data-align=\"center\"><strong><em>Coordinaci\u00f3n de Vinculaci\u00f3n<\/em><\/strong><\/td><td class=\"has-text-align-center\" data-align=\"center\">MC. Rosa Amelia Tirado Ruiz<\/td><td class=\"has-text-align-center\" data-align=\"center\">rosatirado@uas.edu.mx<br>Tel.: 118-40-47<\/td><\/tr><tr><td class=\"has-text-align-center\" data-align=\"center\"><strong><em>Coordinaci\u00f3n de Planeaci\u00f3n Estrat\u00e9gica<\/em><\/strong><\/td><td class=\"has-text-align-center\" data-align=\"center\">Lic. Paula Berenice Ceballos Contreras<\/td><td class=\"has-text-align-center\" data-align=\"center\">paulaceballos@uas.edu.mx<br>Tel.: 982-41-27<\/td><\/tr><tr><td class=\"has-text-align-center\" data-align=\"center\"><strong><em>Coordinaci\u00f3n de Investigaci\u00f3n y Posgrado<\/em><\/strong><\/td><td class=\"has-text-align-center\" data-align=\"center\">Dr. Yanhira Lizbet Cristerna Huerta<\/td><td class=\"has-text-align-center\" data-align=\"center\">ycristerna@uas.edu.mx<br>Tel.: 118-42-86<\/td><\/tr><tr><td class=\"has-text-align-center\" data-align=\"center\"><strong><em>Coordinaci\u00f3n de Control Escolar<\/em><\/strong><\/td><td class=\"has-text-align-center\" data-align=\"center\">Lic. Eminyck Quintero Beltran<\/td><td class=\"has-text-align-center\" data-align=\"center\">eminyckquintero@uas.edu.mx<br>Tel.: 982-41-27<\/td><\/tr><tr><td class=\"has-text-align-center\" data-align=\"center\"><strong><em>Coordinaci\u00f3n de Servicio Social Universitario <\/em><\/strong><\/td><td class=\"has-text-align-center\" data-align=\"center\">Lic. Ofelia Carolina Robles Zapata<\/td><td class=\"has-text-align-center\" data-align=\"center\">carozapata83@hotmail.com<br>Tel.: 118-42-86<\/td><\/tr><tr><td class=\"has-text-align-center\" data-align=\"center\"><strong><em>Coordinaci\u00f3n de Tutor\u00edas<\/em><\/strong><\/td><td class=\"has-text-align-center\" data-align=\"center\">Lic. Dominik Salayandia Morales Silva<\/td><td class=\"has-text-align-center\" data-align=\"center\">dominiksalayandia@uas.edu.mx<br>Tel.: 118-40-47<\/td><\/tr><tr><td class=\"has-text-align-center\" data-align=\"center\"><strong><em>Coordinaci\u00f3n de Inform\u00e1tica Jur\u00eddica<\/em><\/strong><\/td><td class=\"has-text-align-center\" data-align=\"center\">Dr. Jes\u00fas Juli\u00e1n Zald\u00edvar Mart\u00ednez<\/td><td class=\"has-text-align-center\" data-align=\"center\">jzaldivar@uas.edu.mx<br>Tel.: 118-40-47<\/td><\/tr><tr><td class=\"has-text-align-center\" data-align=\"center\"><strong><em>Coordinaci\u00f3n del Bufete Jur\u00eddico<\/em><\/strong><\/td><td class=\"has-text-align-center\" data-align=\"center\">Lic. Alfonso Carre\u00f3n Alapizco<\/td><td class=\"has-text-align-center\" data-align=\"center\">carreon_19@live.com.mx<br>Tel.: 982-50-56<\/td><\/tr><\/tbody><\/table><\/figure>\n<\/div>\n<\/div>\n<\/div>\n","protected":false},"excerpt":{"rendered":"<p>Contactos de la Facultad de Derecho Mazatl\u00e1n Puesto Nombre Contacto Director Dr. Jos\u00e9 Ram\u00f3n Bonilla Rojas j.bonilla@uas.edu.mxTel.: 982-41-27 Secretar\u00eda Acad\u00e9mica MC. Rosa Amelia Tirado Ruiz rosatirado@uas.edu.mxTel.: 118-40-47 Secretar\u00eda Administrativa Lic. Claudia Esthela Murillo Luque claudiamurillo@uas.edu.mxTel.: 982-41-27 Coordinaci\u00f3n de Licenciatura Semiescolarizada Lic. Carlos Eduardo Ca\u00f1edo Mayorqu\u00edn carloscanedo@uas.edu.mxTel.: 118-40-47 Coordinaci\u00f3n de Vinculaci\u00f3n MC. Rosa Amelia Tirado Ruiz [&hellip;]<\/p>\n","protected":false},"author":1,"featured_media":0,"parent":0,"menu_order":0,"comment_status":"closed","ping_status":"closed","template":"","meta":{"footnotes":""},"class_list":["post-25","page","type-page","status-publish","hentry"],"_links":{"self":[{"href":"https:\/\/derechomaz.uas.edu.mx\/index.php\/wp-json\/wp\/v2\/pages\/25","targetHints":{"allow":["GET"]}}],"collection":[{"href":"https:\/\/derechomaz.uas.edu.mx\/index.php\/wp-json\/wp\/v2\/pages"}],"about":[{"href":"https:\/\/derechomaz.uas.edu.mx\/index.php\/wp-json\/wp\/v2\/types\/page"}],"author":[{"embeddable":true,"href":"https:\/\/derechomaz.uas.edu.mx\/index.php\/wp-json\/wp\/v2\/users\/1"}],"replies":[{"embeddable":true,"href":"https:\/\/derechomaz.uas.edu.mx\/index.php\/wp-json\/wp\/v2\/comments?post=25"}],"version-history":[{"count":43,"href":"https:\/\/derechomaz.uas.edu.mx\/index.php\/wp-json\/wp\/v2\/pages\/25\/revisions"}],"predecessor-version":[{"id":434,"href":"https:\/\/derechomaz.uas.edu.mx\/index.php\/wp-json\/wp\/v2\/pages\/25\/revisions\/434"}],"wp:attachment":[{"href":"https:\/\/derechomaz.uas.edu.mx\/index.php\/wp-json\/wp\/v2\/media?parent=25"}],"curies":[{"name":"wp","href":"https:\/\/api.w.org\/{rel}","templated":true}]}}