{"id":251,"date":"2022-03-30T18:26:08","date_gmt":"2022-03-30T18:26:08","guid":{"rendered":"http:\/\/derechomaz.uas.edu.mx\/?page_id=251"},"modified":"2022-04-26T18:51:59","modified_gmt":"2022-04-26T18:51:59","slug":"infraestructura","status":"publish","type":"page","link":"https:\/\/derechomaz.uas.edu.mx\/index.php\/infraestructura\/","title":{"rendered":"Infraestructura"},"content":{"rendered":"\n<h2 class=\"wp-block-heading\">En la Facultad de Derecho Mazatl\u00e1n se cuenta con la siguiente infraestructura<\/h2>\n\n\n\n<p>Se cuenta con una instalaci\u00f3n amplia y distribuida por la Ciudad Universitaria, la cual tiene &nbsp;6 edificios, 2 de dos plantas y 4 de una planta como se muestra en siguientes croquis:<\/p>\n\n\n\n<div class=\"wp-block-image\"><figure class=\"aligncenter size-large is-resized\"><img loading=\"lazy\" decoding=\"async\" src=\"http:\/\/derechomaz.uas.edu.mx\/wp-content\/uploads\/2022\/03\/image-1-792x1024.png\" alt=\"\" class=\"wp-image-283\" width=\"594\" height=\"768\" srcset=\"https:\/\/derechomaz.uas.edu.mx\/wp-content\/uploads\/2022\/03\/image-1-792x1024.png 792w, https:\/\/derechomaz.uas.edu.mx\/wp-content\/uploads\/2022\/03\/image-1-232x300.png 232w, https:\/\/derechomaz.uas.edu.mx\/wp-content\/uploads\/2022\/03\/image-1-768x993.png 768w, https:\/\/derechomaz.uas.edu.mx\/wp-content\/uploads\/2022\/03\/image-1.png 921w\" sizes=\"auto, (max-width: 594px) 100vw, 594px\" \/><figcaption>Ubicaci\u00f3n de los edificios de la Facultad de Derecho<\/figcaption><\/figure><\/div>\n\n\n\n<p>En el edificio n\u00famero 3 se cuenta con un aula magna acondicionada como laboratorio jur\u00eddico que es utilizada como Auditorio (debidamente equipada con mobiliario escolar, aires acondicionados, equipo de c\u00f3mputo con acceso a internet, equipo de proyecci\u00f3n y equipo de sonido) el cual simula la sala de juicios orales, y re\u00fane todas las condiciones para las pr\u00e1cticas de las diversas materias que en esta Facultad se imparten, cumpliendo cabalmente con los requisitos de los programas de estudios que requieran pr\u00e1cticas.<\/p>\n\n\n\n<p>El edificio n\u00famero 5 de Coordinaci\u00f3n de Investigaci\u00f3n y Posgrado \u201cDr M\u00e1ximo Carvajal Contreras\u201d cuenta con 2 oficinas para los Coordinadores de maestr\u00edas, 3 cub\u00edculos para el personal encargado de investigaci\u00f3n, \u00e1rea de recepci\u00f3n, 2 cub\u00edculos para el personal administrativo y&nbsp; de apoyo.<\/p>\n\n\n\n<p>Adem\u00e1s de esta infraestructura se cuenta con 14&nbsp; Aulas las cuales cuentan con aire acondicionado, mesas, sillas, pintarr\u00f3n, proyector y tablero de avisos; 4&nbsp; Centros de C\u00f3mputo, Biblioteca, Auditorio que funge tambi\u00e9n como Sala de Usos M\u00faltiples, Direcci\u00f3n, Coordinaci\u00f3n Acad\u00e9mica, Servicios Escolares, Coordinaci\u00f3n de Turno, Tutor\u00edas, Seguimiento de Egresados, Vinculaci\u00f3n, Servicio Social,&nbsp; Sala de Maestros y Bufete Jur\u00eddico. Cumpliendo todas estas instalaciones&nbsp; con las normas de seguridad y de construcci\u00f3n que permite brindar los servicios de docencia, de investigaci\u00f3n, administraci\u00f3n educativa y difusi\u00f3n de la cultura.<\/p>\n\n\n\n<p>Los espacios comunes en los edificios, laboratorios, auditorio,&nbsp; as\u00ed como los cub\u00edculos en el \u00e1rea de Biblioteca est\u00e1n equipados con mobiliario y computadoras con acceso a internet, las cuales son herramientas necesarias para desarrollar actividades de asesor\u00edas (tutor\u00edas) y\/o preparaci\u00f3n de material de clase, as\u00ed mismo tenemos dos plazas con acceso a internet inal\u00e1mbrico.<\/p>\n\n\n\n<div class=\"wp-block-image\"><figure class=\"aligncenter size-full is-resized\"><img loading=\"lazy\" decoding=\"async\" src=\"http:\/\/derechomaz.uas.edu.mx\/wp-content\/uploads\/2022\/03\/localizacion-bufete.png\" alt=\"\" class=\"wp-image-292\" width=\"635\" height=\"624\" srcset=\"https:\/\/derechomaz.uas.edu.mx\/wp-content\/uploads\/2022\/03\/localizacion-bufete.png 846w, https:\/\/derechomaz.uas.edu.mx\/wp-content\/uploads\/2022\/03\/localizacion-bufete-300x295.png 300w, https:\/\/derechomaz.uas.edu.mx\/wp-content\/uploads\/2022\/03\/localizacion-bufete-768x755.png 768w\" sizes=\"auto, (max-width: 635px) 100vw, 635px\" \/><figcaption>Ubicaci\u00f3n del H. Bufete Jur\u00eddico<\/figcaption><\/figure><\/div>\n\n\n\n<p>Como parte importante de esta\u00a0 Facultad tambi\u00e9n se encuentra\u00a0 el H. Bufete Jur\u00eddico el cual se encuentra ubicado en \u00a0Avenida de los Deportes y Ejercito Mexicano, Antiguo Aeropuerto \u201cLos Patos\u201d de esta ciudad en las instalaciones de esta Ciudad Universitaria, donde se encuentra la Preparatoria Rub\u00e9n Jaramillo; lugar en el que funciona hasta la fecha con el nombre de \u201cBufete Jur\u00eddico Estudiantil\u201d, ligado al Departamento de Servicio Social de la Escuela de Derecho Mazatl\u00e1n, de la Universidad Aut\u00f3noma de Sinaloa.<\/p>\n\n\n\n<h2 class=\"wp-block-heading\">Galer\u00eda<\/h2>\n\n\n<style type=\"text\/css\">\n#foogallery-gallery-336 .fg-image { width: 640px; }<\/style>\n\t\t\t<div class=\"foogallery foogallery-container foogallery-image-viewer foogallery-link-image foogallery-lightbox-none fg-center fg-image-viewer fg-ready fg-light fg-border-thin fg-round-small fg-shadow-outline fg-loading-default fg-loaded-fade-in fg-caption-always fg-hover-fade fg-hover-external\" id=\"foogallery-gallery-336\" data-foogallery=\"{&quot;item&quot;:{&quot;showCaptionTitle&quot;:true,&quot;showCaptionDescription&quot;:false},&quot;lazy&quot;:true,&quot;template&quot;:{&quot;loop&quot;:true}}\" style=\"--fg-title-line-clamp: 0; --fg-description-line-clamp: 0;\" >\n\t<div class=\"fiv-inner\">\n\t\t<div class=\"fiv-inner-container\">\n\t\t\t<div class=\"fg-item fg-type-image fg-idle\"><figure class=\"fg-item-inner\"><a href=\"https:\/\/derechomaz.uas.edu.mx\/wp-content\/uploads\/2022\/04\/aula-facultad.jpg\" data-caption-desc=\"Aula\" data-caption-title=\"Aula\" data-attachment-id=\"339\" data-type=\"image\" class=\"fg-thumb\"><span class=\"fg-image-wrap\"><img fetchpriority=\"high\" decoding=\"async\" width=\"640\" height=\"360\" class=\"skip-lazy fg-image\" data-src-fg=\"https:\/\/derechomaz.uas.edu.mx\/wp-content\/uploads\/2022\/04\/aula-facultad.jpg\" src=\"data:image\/svg+xml,%3Csvg%20xmlns%3D%22http%3A%2F%2Fwww.w3.org%2F2000%2Fsvg%22%20width%3D%22640%22%20height%3D%22360%22%20viewBox%3D%220%200%20640%20360%22%3E%3C%2Fsvg%3E\" loading=\"eager\"><\/span><span class=\"fg-image-overlay\"><\/span><\/a><figcaption class=\"fg-caption\"><div class=\"fg-caption-inner\"><div class=\"fg-caption-title\">Aula<\/div><\/div><\/figcaption><\/figure><div class=\"fg-loader\"><\/div><\/div><div class=\"fg-item fg-type-image fg-idle\"><figure class=\"fg-item-inner\"><a href=\"https:\/\/derechomaz.uas.edu.mx\/wp-content\/uploads\/2022\/04\/centro-de-computo-scaled.jpg\" data-caption-desc=\"Centro de computo\" data-caption-title=\"Centro de computo\" data-attachment-id=\"338\" data-type=\"image\" class=\"fg-thumb\"><span class=\"fg-image-wrap\"><img decoding=\"async\" width=\"640\" height=\"360\" class=\"skip-lazy fg-image\" data-src-fg=\"https:\/\/derechomaz.uas.edu.mx\/wp-content\/uploads\/2022\/04\/centro-de-computo-scaled.jpg\" src=\"data:image\/svg+xml,%3Csvg%20xmlns%3D%22http%3A%2F%2Fwww.w3.org%2F2000%2Fsvg%22%20width%3D%22640%22%20height%3D%22360%22%20viewBox%3D%220%200%20640%20360%22%3E%3C%2Fsvg%3E\" loading=\"eager\"><\/span><span class=\"fg-image-overlay\"><\/span><\/a><figcaption class=\"fg-caption\"><div class=\"fg-caption-inner\"><div class=\"fg-caption-title\">Centro de computo<\/div><\/div><\/figcaption><\/figure><div class=\"fg-loader\"><\/div><\/div><div class=\"fg-item fg-type-image fg-idle\"><figure class=\"fg-item-inner\"><a href=\"https:\/\/derechomaz.uas.edu.mx\/wp-content\/uploads\/2022\/04\/bufete-scaled.jpg\" data-caption-desc=\"Bufete jur\u00eddico\" data-caption-title=\"Bufete jur\u00eddico\" data-attachment-id=\"337\" data-type=\"image\" class=\"fg-thumb\"><span class=\"fg-image-wrap\"><img decoding=\"async\" width=\"640\" height=\"360\" class=\"skip-lazy fg-image\" data-src-fg=\"https:\/\/derechomaz.uas.edu.mx\/wp-content\/uploads\/2022\/04\/bufete-scaled.jpg\" src=\"data:image\/svg+xml,%3Csvg%20xmlns%3D%22http%3A%2F%2Fwww.w3.org%2F2000%2Fsvg%22%20width%3D%22640%22%20height%3D%22360%22%20viewBox%3D%220%200%20640%20360%22%3E%3C%2Fsvg%3E\" loading=\"eager\"><\/span><span class=\"fg-image-overlay\"><\/span><\/a><figcaption class=\"fg-caption\"><div class=\"fg-caption-inner\"><div class=\"fg-caption-title\">Bufete jur\u00eddico<\/div><\/div><\/figcaption><\/figure><div class=\"fg-loader\"><\/div><\/div><div class=\"fg-item fg-type-image fg-idle\"><figure class=\"fg-item-inner\"><a href=\"https:\/\/derechomaz.uas.edu.mx\/wp-content\/uploads\/2022\/04\/auditorio-facultad-scaled.jpg\" data-caption-desc=\"Auditorio\" data-caption-title=\"Auditorio\" data-attachment-id=\"342\" data-type=\"image\" class=\"fg-thumb\"><span class=\"fg-image-wrap\"><img decoding=\"async\" width=\"640\" height=\"360\" class=\"skip-lazy fg-image\" data-src-fg=\"https:\/\/derechomaz.uas.edu.mx\/wp-content\/uploads\/2022\/04\/auditorio-facultad-scaled.jpg\" src=\"data:image\/svg+xml,%3Csvg%20xmlns%3D%22http%3A%2F%2Fwww.w3.org%2F2000%2Fsvg%22%20width%3D%22640%22%20height%3D%22360%22%20viewBox%3D%220%200%20640%20360%22%3E%3C%2Fsvg%3E\" loading=\"eager\"><\/span><span class=\"fg-image-overlay\"><\/span><\/a><figcaption class=\"fg-caption\"><div class=\"fg-caption-inner\"><div class=\"fg-caption-title\">Auditorio<\/div><\/div><\/figcaption><\/figure><div class=\"fg-loader\"><\/div><\/div><div class=\"fg-item fg-type-image fg-idle\"><figure class=\"fg-item-inner\"><a href=\"https:\/\/derechomaz.uas.edu.mx\/wp-content\/uploads\/2022\/04\/biblioteca-facultad.jpg\" data-caption-desc=\"Biblioteca\" data-caption-title=\"Biblioteca\" data-attachment-id=\"340\" data-type=\"image\" class=\"fg-thumb\"><span class=\"fg-image-wrap\"><img decoding=\"async\" width=\"640\" height=\"360\" class=\"skip-lazy fg-image\" data-src-fg=\"https:\/\/derechomaz.uas.edu.mx\/wp-content\/uploads\/2022\/04\/biblioteca-facultad.jpg\" src=\"data:image\/svg+xml,%3Csvg%20xmlns%3D%22http%3A%2F%2Fwww.w3.org%2F2000%2Fsvg%22%20width%3D%22640%22%20height%3D%22360%22%20viewBox%3D%220%200%20640%20360%22%3E%3C%2Fsvg%3E\" loading=\"eager\"><\/span><span class=\"fg-image-overlay\"><\/span><\/a><figcaption class=\"fg-caption\"><div class=\"fg-caption-inner\"><div class=\"fg-caption-title\">Biblioteca<\/div><\/div><\/figcaption><\/figure><div class=\"fg-loader\"><\/div><\/div><div class=\"fg-item fg-type-image fg-idle\"><figure class=\"fg-item-inner\"><a href=\"https:\/\/derechomaz.uas.edu.mx\/wp-content\/uploads\/2022\/03\/carrusel-2.png\" data-caption-desc=\"Edificio de la Facultad\" data-caption-title=\"Edificio de la Facultad\" data-attachment-id=\"222\" data-type=\"image\" class=\"fg-thumb\"><span class=\"fg-image-wrap\"><img decoding=\"async\" alt=\"Edificio de la Facultad de Derecho Mazatl\u00e1n\" width=\"640\" height=\"360\" class=\"skip-lazy fg-image\" data-src-fg=\"https:\/\/derechomaz.uas.edu.mx\/wp-content\/uploads\/2022\/03\/carrusel-2.png\" src=\"data:image\/svg+xml,%3Csvg%20xmlns%3D%22http%3A%2F%2Fwww.w3.org%2F2000%2Fsvg%22%20width%3D%22640%22%20height%3D%22360%22%20viewBox%3D%220%200%20640%20360%22%3E%3C%2Fsvg%3E\" loading=\"eager\"><\/span><span class=\"fg-image-overlay\"><\/span><\/a><figcaption class=\"fg-caption\"><div class=\"fg-caption-inner\"><div class=\"fg-caption-title\">Edificio de la Facultad<\/div><\/div><\/figcaption><\/figure><div class=\"fg-loader\"><\/div><\/div><div class=\"fg-item fg-type-image fg-idle\"><figure class=\"fg-item-inner\"><a href=\"https:\/\/derechomaz.uas.edu.mx\/wp-content\/uploads\/2022\/03\/carrusel-3.png\" data-caption-desc=\"Edificio de la Facultad\" data-caption-title=\"Edificio de la Facultad\" data-attachment-id=\"224\" data-type=\"image\" class=\"fg-thumb\"><span class=\"fg-image-wrap\"><img decoding=\"async\" alt=\"Edificio de la Facultad de Derecho Mazatl\u00e1n\" width=\"640\" height=\"360\" class=\"skip-lazy fg-image\" data-src-fg=\"https:\/\/derechomaz.uas.edu.mx\/wp-content\/uploads\/2022\/03\/carrusel-3.png\" src=\"data:image\/svg+xml,%3Csvg%20xmlns%3D%22http%3A%2F%2Fwww.w3.org%2F2000%2Fsvg%22%20width%3D%22640%22%20height%3D%22360%22%20viewBox%3D%220%200%20640%20360%22%3E%3C%2Fsvg%3E\" loading=\"eager\"><\/span><span class=\"fg-image-overlay\"><\/span><\/a><figcaption class=\"fg-caption\"><div class=\"fg-caption-inner\"><div class=\"fg-caption-title\">Edificio de la Facultad<\/div><\/div><\/figcaption><\/figure><div class=\"fg-loader\"><\/div><\/div>\t\t<\/div>\n\t\t<div class=\"fiv-ctrls\">\n\t\t\t<button type=\"button\" class=\"fiv-prev\" title=\"Previa\"><span>Previa<\/span><\/button>\n\t\t\t<label class=\"fiv-count\"><span class=\"fiv-count-current\">1<\/span>de<span class=\"fiv-count-total\">7<\/span><\/label>\n\t\t\t<button type=\"button\" class=\"fiv-next\" title=\"Pr\u00f3ximo\"><span>Pr\u00f3ximo<\/span><\/button>\n\t\t<\/div>\n\t<\/div>\n<\/div>","protected":false},"excerpt":{"rendered":"<p>En la Facultad de Derecho Mazatl\u00e1n se cuenta con la siguiente infraestructura&#8230;<\/p>\n","protected":false},"author":1,"featured_media":0,"parent":0,"menu_order":0,"comment_status":"closed","ping_status":"closed","template":"","meta":{"footnotes":""},"class_list":["post-251","page","type-page","status-publish","hentry"],"_links":{"self":[{"href":"https:\/\/derechomaz.uas.edu.mx\/index.php\/wp-json\/wp\/v2\/pages\/251","targetHints":{"allow":["GET"]}}],"collection":[{"href":"https:\/\/derechomaz.uas.edu.mx\/index.php\/wp-json\/wp\/v2\/pages"}],"about":[{"href":"https:\/\/derechomaz.uas.edu.mx\/index.php\/wp-json\/wp\/v2\/types\/page"}],"author":[{"embeddable":true,"href":"https:\/\/derechomaz.uas.edu.mx\/index.php\/wp-json\/wp\/v2\/users\/1"}],"replies":[{"embeddable":true,"href":"https:\/\/derechomaz.uas.edu.mx\/index.php\/wp-json\/wp\/v2\/comments?post=251"}],"version-history":[{"count":14,"href":"https:\/\/derechomaz.uas.edu.mx\/index.php\/wp-json\/wp\/v2\/pages\/251\/revisions"}],"predecessor-version":[{"id":525,"href":"https:\/\/derechomaz.uas.edu.mx\/index.php\/wp-json\/wp\/v2\/pages\/251\/revisions\/525"}],"wp:attachment":[{"href":"https:\/\/derechomaz.uas.edu.mx\/index.php\/wp-json\/wp\/v2\/media?parent=251"}],"curies":[{"name":"wp","href":"https:\/\/api.w.org\/{rel}","templated":true}]}}