{"id":273,"date":"2022-03-30T20:13:19","date_gmt":"2022-03-30T20:13:19","guid":{"rendered":"http:\/\/derechomaz.uas.edu.mx\/?page_id=273"},"modified":"2022-04-05T19:02:19","modified_gmt":"2022-04-05T19:02:19","slug":"bufete-juridico","status":"publish","type":"page","link":"https:\/\/derechomaz.uas.edu.mx\/index.php\/bufete-juridico\/","title":{"rendered":"Acerca del Bufete Jur\u00eddico"},"content":{"rendered":"\n<h2 class=\"wp-block-heading\">Antecedentes<\/h2>\n\n\n\n<p>En 1975 se constituye el H. Bufete Jur\u00eddico de la Escuela de Derecho de Mazatl\u00e1n, de la Universidad Aut\u00f3noma de Sinaloa; con la creaci\u00f3n de una Escuela, la cual principia sus funciones en las instalaciones de la preparatoria nocturna &#8220;General Antonio Rosales&#8221; como grupo desplazado de la facultad de Derecho y Ciencias Sociales de la Universidad Aut\u00f3noma de Sinaloa, en Culiac\u00e1n, Sinaloa, regida entonces bajo un programa que postulaba los principios de la Universidad Democr\u00e1tica, Cr\u00edtica y Popular.<\/p>\n\n\n\n<p>El motivo principal era que ellos quer\u00edan hacer valer estudios para reconocer a la Escuela de Derecho como independiente; ayudando gratuitamente a algunas personas que tuvieran alg\u00fan problema laboral. Fueron los problemas \u00ednter-universitarios los que propiciaron la divisi\u00f3n de la Escuela Preparatoria en octubre de 1975. La mayor\u00eda de los alumnos inscritos en ese grupo desplazado de estudiantes de Derecho, los cuales eran aproximadamente 170, se solidarizaron con los alumnos de la Preparatoria Nocturna \u201cGeneral Antonio Rosales\u201d, y abandonaron las aulas universitarias para tomar sus clases en el edificio de la Escuela Primaria Federal \u201cLicenciado Benito Ju\u00e1rez\u201d, hasta el 20 de noviembre de 1975, fue cuando invadieron las instalaciones de la entonces Secretar\u00eda de Obras P\u00fablicas, como una medida de presi\u00f3n hacia el gobierno federal para que llevara a cabo la construcci\u00f3n de aulas para los universitarios, dicha presi\u00f3n tuvo efecto positivo y el gobierno federal prometi\u00f3 un terreno y la edificaci\u00f3n de aulas, en tanto que las clases se tomaban en Torre de Control y en las oficinas del antiguo Aeropuerto Internacional de Mazatl\u00e1n, Sinaloa.<\/p>\n\n\n\n<p>Los alumnos de bachiller crearon la Preparatoria \u201cRub\u00e9n Jaramillo\u201d, mientras se constru\u00edan las aulas y se un\u00edan a ellos alumnos de una escuela particular de Trabajo Social; por otra parte el grupo desplazado de Derecho, pugnaban porque se les reconociera como escuela, lo cual se logr\u00f3 el d\u00eda 27 de enero de 1977, por acuerdo del Consejo Universitario de la M\u00e1xima Casa de Estudios.<\/p>\n\n\n\n<p>En ese entonces el Licenciado Arturo Roho Serrano era el Coordinador General, en asistencia de los Licenciados, Antonio Estelius Barballaniz Taviz\u00f3n, Jos\u00e9 de Jes\u00fas Rangel L\u00f3pez, a quienes luego se integraron los Licenciados Jes\u00fas Antonio Mayorqu\u00edn L\u00f3pez y Guadalupe Ra\u00fal Florez Guti\u00e9rrez, haciendo m\u00e1s amplio el campo de trabajo de los pasantes de derecho en otras \u00e1reas como Civil, Penal, Constitucional, originando que desde entonces en dicha entidad, los alumnos de la Escuela de Derecho Mazatl\u00e1n puedan realizar su servicio social obligatorio por la Ley de Profesionales.<\/p>\n\n\n\n<p>Una vez que se reconoci\u00f3 el grupo como escuela, el d\u00eda 27 de Enero de 1977 por acuerdo del Congreso Universitario, se otorg\u00f3 una partida especial de recursos financieros para que se rentara un local por la calle Benito Ju\u00e1rez, entre las calles Libertad y Constituci\u00f3n en el centro de esta ciudad, donde funcion\u00f3 como \u201cBufete Jur\u00eddico Estudiantil Popular\u201d, prestando su Servicio Social estudiantes de Derecho de Culiac\u00e1n, los cuales se trasladaron a Mazatl\u00e1n para culminar sus estudios en calidad de Pasantes; de igual forma alumnos de la Escuela de Derecho de Mazatl\u00e1n pod\u00edan hacer sus pr\u00e1cticas, incluso los de segundo grado.<\/p>\n\n\n\n<p>Aproximadamente en 1978 el H. Bufete Jur\u00eddico cambia a su domicilio actual, en Avenida de los Deportes y Ejercito Mexicano, Antiguo Aeropuerto \u201cLos Patos\u201d de esta ciudad en las instalaciones de esta Ciudad Universitaria, donde se encuentra la Preparatoria Rub\u00e9n Jaramillo; lugar en el que funciona hasta la fecha con el nombre de \u201cBufete Jur\u00eddico Estudiantil\u201d, ligado al Departamento de Servicio Social de la Escuela de Derecho Mazatl\u00e1n, de la Universidad Aut\u00f3noma de Sinaloa.<\/p>\n\n\n\n<h2 class=\"wp-block-heading\">Objetivo<\/h2>\n\n\n\n<p>El H. Bufete Jur\u00eddico de la Escuela de Derecho de Mazatl\u00e1n, de la Universidad Aut\u00f3noma de Sinaloa nace por la necesidad de brindar apoyo a personas con problemas personales, que tienen necesidades f\u00edsicas, psicol\u00f3gicas y sociales, y no cuentan con los recursos necesarios para poder defenderse ante las situaciones dif\u00edciles como los son un divorcio, una pensi\u00f3n alimenticia digna para sus hijos, una multa de transito excesiva, entre muchas otras; aqu\u00ed intervienen diferentes factores en los cuales miles de personas son encarceladas injustamente o son desamparadas y dejadas a su suerte; la mayor\u00eda de estos casos es por la pobreza en que se encuentran, el desconocimiento de las leyes, miedo etc.<\/p>\n\n\n\n<p>El Bufete Jur\u00eddico Estudiantil de la Facultad de Derecho Mazatl\u00e1n de la Universidad Aut\u00f3noma de Sinaloa refrenda su labor social al ofrecer a la sociedad de escasos recursos asesor\u00eda gratuita jur\u00eddica y legal en las \u00e1reas Constitucional, Laboral, Familiar, Civil, Mediaci\u00f3n y Conciliaci\u00f3n.<\/p>\n\n\n\n<p>Logrando con esto contribuir al pa\u00eds para que no haya usuarios inocentes en las c\u00e1rceles tan solo por falta de recursos para comprobar su inocencia, ayudando tambi\u00e9n a que el Estado cometa menos errores y atropellos.<\/p>\n\n\n\n<h2 class=\"wp-block-heading\">Personal<\/h2>\n\n\n\n<p>El Bufete Jur\u00eddico cuenta con:<\/p>\n\n\n\n<ul class=\"wp-block-list\"><li>Un total de 50 Brigadistas distribuidos en las cuatro \u00e1reas.<\/li><li>Cinco Licenciados titulados, los cuales son los asesores principales de los pasantes de derecho.<\/li><li>Una encargada del Servicio Social.<\/li><li>Personal administrativo.<\/li><\/ul>\n\n\n\n<h2 class=\"wp-block-heading\">Supervisi\u00f3n<\/h2>\n\n\n\n<p>Los coordinadores de cada una de las diferentes \u00e1reas realizan capacitaci\u00f3n a sus pasantes &#8211; brigadistas al inicio de cada semestre, durante la cual se le dan los conocimientos pr\u00e1cticos y elementales para que el brigadista &#8211; pasante pueda ir adecuando sus conocimientos te\u00f3ricos adquiridos en las aulas y puedan aplicarlos en las labores que desarrollan diariamente en los \u00f3rganos jurisdiccionales y en las diversas instituciones gubernamentales.<\/p>\n","protected":false},"excerpt":{"rendered":"<p>Antecedentes En 1975 se constituye el H. Bufete Jur\u00eddico de la Escuela de Derecho de Mazatl\u00e1n, de la Universidad Aut\u00f3noma de Sinaloa; con la creaci\u00f3n de una Escuela, la cual principia sus funciones en las instalaciones de la preparatoria nocturna &#8220;General Antonio Rosales&#8221; como grupo desplazado de la facultad de Derecho y Ciencias Sociales de [&hellip;]<\/p>\n","protected":false},"author":1,"featured_media":0,"parent":0,"menu_order":0,"comment_status":"closed","ping_status":"closed","template":"","meta":{"footnotes":""},"class_list":["post-273","page","type-page","status-publish","hentry"],"_links":{"self":[{"href":"https:\/\/derechomaz.uas.edu.mx\/index.php\/wp-json\/wp\/v2\/pages\/273","targetHints":{"allow":["GET"]}}],"collection":[{"href":"https:\/\/derechomaz.uas.edu.mx\/index.php\/wp-json\/wp\/v2\/pages"}],"about":[{"href":"https:\/\/derechomaz.uas.edu.mx\/index.php\/wp-json\/wp\/v2\/types\/page"}],"author":[{"embeddable":true,"href":"https:\/\/derechomaz.uas.edu.mx\/index.php\/wp-json\/wp\/v2\/users\/1"}],"replies":[{"embeddable":true,"href":"https:\/\/derechomaz.uas.edu.mx\/index.php\/wp-json\/wp\/v2\/comments?post=273"}],"version-history":[{"count":8,"href":"https:\/\/derechomaz.uas.edu.mx\/index.php\/wp-json\/wp\/v2\/pages\/273\/revisions"}],"predecessor-version":[{"id":441,"href":"https:\/\/derechomaz.uas.edu.mx\/index.php\/wp-json\/wp\/v2\/pages\/273\/revisions\/441"}],"wp:attachment":[{"href":"https:\/\/derechomaz.uas.edu.mx\/index.php\/wp-json\/wp\/v2\/media?parent=273"}],"curies":[{"name":"wp","href":"https:\/\/api.w.org\/{rel}","templated":true}]}}