{"id":321,"date":"2022-04-01T20:03:23","date_gmt":"2022-04-01T20:03:23","guid":{"rendered":"http:\/\/derechomaz.uas.edu.mx\/?page_id=321"},"modified":"2022-04-28T18:22:13","modified_gmt":"2022-04-28T18:22:13","slug":"verano-cientifico","status":"publish","type":"page","link":"https:\/\/derechomaz.uas.edu.mx\/index.php\/verano-cientifico\/","title":{"rendered":"Verano Cient\u00edfico"},"content":{"rendered":"\n<p>El Verano de la Investigaci\u00f3n Cient\u00edfica es un programa que consiste en promover y facilitar que los estudiantes de licenciatura realicen estancias de investigaci\u00f3n de dos meses en centros e instituciones de investigaci\u00f3n del pa\u00eds, bajo la supervisi\u00f3n y gu\u00eda de investigadores, quienes los introducen en el apasionante mundo de la ciencia al permitirles participar en alg\u00fan proyecto de investigaci\u00f3n real.<\/p>\n\n\n\n<p>La Universidad Aut\u00f3noma de Sinaloa cuenta con dos programas en particular para poder realizar las estancias de investigaci\u00f3n cient\u00edfica, los cuales son La Academia Mexicana de la ciencia (AMC) y el Programa Delf\u00edn. En las p\u00e1ginas oficiales de estos programas puedes consultar convocatorias, informaci\u00f3n del programa, requisitos de participaci\u00f3n, entre otras.<\/p>\n\n\n\n<ul class=\"wp-block-list\"><li>P\u00e1gina programa la academia mexicana de la ciencia: <a rel=\"noreferrer noopener\" href=\"https:\/\/amc.edu.mx\/amc\/\" target=\"_blank\">https:\/\/amc.edu.mx\/amc\/<\/a><\/li><li>P\u00e1gina de Facebook academia mexicana de la ciencia: <a rel=\"noreferrer noopener\" href=\"https:\/\/www.facebook.com\/VeranodelaAMC\" target=\"_blank\">https:\/\/www.facebook.com\/VeranodelaAMC<\/a><\/li><li>P\u00e1gina programa Delf\u00edn: <a rel=\"noreferrer noopener\" href=\"https:\/\/programadelfin.org.mx\/\" target=\"_blank\">https:\/\/programadelfin.org.mx\/<\/a><\/li><\/ul>\n\n\n\n<div class=\"wp-block-columns is-layout-flex wp-container-core-columns-is-layout-28f84493 wp-block-columns-is-layout-flex\">\n<div class=\"wp-block-column is-layout-flow wp-block-column-is-layout-flow\">\n<div class=\"wp-block-image\"><figure class=\"aligncenter size-full is-resized\"><img loading=\"lazy\" decoding=\"async\" src=\"http:\/\/derechomaz.uas.edu.mx\/wp-content\/uploads\/2022\/04\/logo-amc.jpeg\" alt=\"Logo de la Academia Mexicana de Ciencias\" class=\"wp-image-622\" width=\"284\" height=\"200\" srcset=\"https:\/\/derechomaz.uas.edu.mx\/wp-content\/uploads\/2022\/04\/logo-amc.jpeg 378w, https:\/\/derechomaz.uas.edu.mx\/wp-content\/uploads\/2022\/04\/logo-amc-300x211.jpeg 300w\" sizes=\"auto, (max-width: 284px) 100vw, 284px\" \/><\/figure><\/div>\n<\/div>\n\n\n\n<div class=\"wp-block-column is-vertically-aligned-center is-layout-flow wp-block-column-is-layout-flow\">\n<div class=\"wp-block-image\"><figure class=\"aligncenter size-full is-resized\"><img loading=\"lazy\" decoding=\"async\" src=\"http:\/\/derechomaz.uas.edu.mx\/wp-content\/uploads\/2022\/04\/logo-delfin.png\" alt=\"Logo del programa Delf\u00edn\" class=\"wp-image-623\" width=\"271\" height=\"109\"\/><\/figure><\/div>\n<\/div>\n<\/div>\n\n\n\n<h2 class=\"wp-block-heading\">Convocatoria<\/h2>\n\n\n\n<div class=\"wp-block-image\"><figure class=\"aligncenter size-full is-resized\"><a href=\"http:\/\/derechomaz.uas.edu.mx\/wp-content\/uploads\/2022\/04\/convocatoria-delfin.png\" target=\"_blank\" rel=\"noopener\"><img loading=\"lazy\" decoding=\"async\" src=\"http:\/\/derechomaz.uas.edu.mx\/wp-content\/uploads\/2022\/04\/convocatoria-delfin.png\" alt=\"Convocatoria del programa Delf\u00edn\" class=\"wp-image-613\" width=\"454\" height=\"671\" srcset=\"https:\/\/derechomaz.uas.edu.mx\/wp-content\/uploads\/2022\/04\/convocatoria-delfin.png 605w, https:\/\/derechomaz.uas.edu.mx\/wp-content\/uploads\/2022\/04\/convocatoria-delfin-203x300.png 203w\" sizes=\"auto, (max-width: 454px) 100vw, 454px\" \/><\/a><\/figure><\/div>\n","protected":false},"excerpt":{"rendered":"<p>El Verano de la Investigaci\u00f3n Cient\u00edfica es un programa que consiste en promover y facilitar que los estudiantes de licenciatura realicen estancias de investigaci\u00f3n de dos meses en centros e instituciones de investigaci\u00f3n del pa\u00eds, bajo la supervisi\u00f3n y gu\u00eda de investigadores, quienes los introducen en el apasionante mundo de la ciencia al permitirles participar [&hellip;]<\/p>\n","protected":false},"author":1,"featured_media":0,"parent":0,"menu_order":0,"comment_status":"closed","ping_status":"closed","template":"","meta":{"footnotes":""},"class_list":["post-321","page","type-page","status-publish","hentry"],"_links":{"self":[{"href":"https:\/\/derechomaz.uas.edu.mx\/index.php\/wp-json\/wp\/v2\/pages\/321","targetHints":{"allow":["GET"]}}],"collection":[{"href":"https:\/\/derechomaz.uas.edu.mx\/index.php\/wp-json\/wp\/v2\/pages"}],"about":[{"href":"https:\/\/derechomaz.uas.edu.mx\/index.php\/wp-json\/wp\/v2\/types\/page"}],"author":[{"embeddable":true,"href":"https:\/\/derechomaz.uas.edu.mx\/index.php\/wp-json\/wp\/v2\/users\/1"}],"replies":[{"embeddable":true,"href":"https:\/\/derechomaz.uas.edu.mx\/index.php\/wp-json\/wp\/v2\/comments?post=321"}],"version-history":[{"count":6,"href":"https:\/\/derechomaz.uas.edu.mx\/index.php\/wp-json\/wp\/v2\/pages\/321\/revisions"}],"predecessor-version":[{"id":625,"href":"https:\/\/derechomaz.uas.edu.mx\/index.php\/wp-json\/wp\/v2\/pages\/321\/revisions\/625"}],"wp:attachment":[{"href":"https:\/\/derechomaz.uas.edu.mx\/index.php\/wp-json\/wp\/v2\/media?parent=321"}],"curies":[{"name":"wp","href":"https:\/\/api.w.org\/{rel}","templated":true}]}}