{"id":323,"date":"2022-04-01T20:03:52","date_gmt":"2022-04-01T20:03:52","guid":{"rendered":"http:\/\/derechomaz.uas.edu.mx\/?page_id=323"},"modified":"2022-04-28T18:18:52","modified_gmt":"2022-04-28T18:18:52","slug":"movilidad","status":"publish","type":"page","link":"https:\/\/derechomaz.uas.edu.mx\/index.php\/movilidad\/","title":{"rendered":"Movilidad Estudiantil"},"content":{"rendered":"\n<p>La Universidad Aut\u00f3noma de Sinaloa a trav\u00e9s de la Direcci\u00f3n General de Vinculaci\u00f3n y Relaciones Internacionales cuenta con el programa de movilidad estudiantil el cual consiste en realizar estancias en otras Instituciones de Educaci\u00f3n Superior en M\u00e9xico y en el extranjero con una duraci\u00f3n de un semestre hasta un a\u00f1o, esto con el objetivo de fortalecer la formaci\u00f3n acad\u00e9mica y enriquecimiento cultural de la comunidad estudiantil a trav\u00e9s de estas estancias que complementen los planes de estudio y\/o proyectos de investigaci\u00f3n para el crecimiento profesional de la comunidad universitaria. La Universidad Aut\u00f3noma de Sinaloa a trav\u00e9s de la Direcci\u00f3n General de Vinculaci\u00f3n y Relaciones Internacionales cuenta con el programa de movilidad estudiantil el cual consiste en realizar estancias en otras Instituciones de Educaci\u00f3n Superior en M\u00e9xico y en el extranjero con una duraci\u00f3n de un semestre hasta un a\u00f1o, esto con el objetivo de fortalecer la formaci\u00f3n acad\u00e9mica y enriquecimiento cultural de la comunidad estudiantil a trav\u00e9s de estas estancias que complementen los planes de estudio y\/o proyectos de investigaci\u00f3n para el crecimiento profesional de la comunidad universitaria.<\/p>\n\n\n\n<ul class=\"wp-block-list\"><li>P\u00e1gina oficial de la DGVRI: <a rel=\"noreferrer noopener\" href=\"https:\/\/dgvri.uas.edu.mx\/\" target=\"_blank\">https:\/\/dgvri.uas.edu.mx\/<\/a><\/li><li>P\u00e1gina de Facebook: <a rel=\"noreferrer noopener\" href=\"https:\/\/www.facebook.com\/DGVRI\" target=\"_blank\">https:\/\/www.facebook.com\/DGVRI<\/a><\/li><\/ul>\n\n\n\n<div class=\"wp-block-image\"><figure class=\"aligncenter size-full is-resized\"><img loading=\"lazy\" decoding=\"async\" src=\"http:\/\/derechomaz.uas.edu.mx\/wp-content\/uploads\/2022\/04\/logo-dgvri.png\" alt=\"Logo de la Direcci\u00f3n General de Vinculaci\u00f3n y Relaci\u00f3n Internacional\" class=\"wp-image-619\" width=\"203\" height=\"150\" srcset=\"https:\/\/derechomaz.uas.edu.mx\/wp-content\/uploads\/2022\/04\/logo-dgvri.png 406w, https:\/\/derechomaz.uas.edu.mx\/wp-content\/uploads\/2022\/04\/logo-dgvri-300x221.png 300w\" sizes=\"auto, (max-width: 203px) 100vw, 203px\" \/><\/figure><\/div>\n\n\n\n<h2 class=\"wp-block-heading\">Convocatorias<\/h2>\n\n\n\n<figure class=\"wp-block-gallery has-nested-images columns-default is-cropped wp-block-gallery-1 is-layout-flex wp-block-gallery-is-layout-flex\">\n<figure class=\"wp-block-image size-large\"><a href=\"http:\/\/derechomaz.uas.edu.mx\/wp-content\/uploads\/2022\/04\/convocatoria-internacional-2022.jpg\" target=\"_blank\" rel=\"noopener\"><img loading=\"lazy\" decoding=\"async\" width=\"1035\" height=\"1600\" data-id=\"605\" src=\"http:\/\/derechomaz.uas.edu.mx\/wp-content\/uploads\/2022\/04\/convocatoria-internacional-2022.jpg\" alt=\"Convocatoria de movilidad internacional 2022\" class=\"wp-image-605\" srcset=\"https:\/\/derechomaz.uas.edu.mx\/wp-content\/uploads\/2022\/04\/convocatoria-internacional-2022.jpg 1035w, https:\/\/derechomaz.uas.edu.mx\/wp-content\/uploads\/2022\/04\/convocatoria-internacional-2022-194x300.jpg 194w, https:\/\/derechomaz.uas.edu.mx\/wp-content\/uploads\/2022\/04\/convocatoria-internacional-2022-662x1024.jpg 662w, https:\/\/derechomaz.uas.edu.mx\/wp-content\/uploads\/2022\/04\/convocatoria-internacional-2022-768x1187.jpg 768w, https:\/\/derechomaz.uas.edu.mx\/wp-content\/uploads\/2022\/04\/convocatoria-internacional-2022-994x1536.jpg 994w\" sizes=\"auto, (max-width: 1035px) 100vw, 1035px\" \/><\/a><\/figure>\n\n\n\n<figure class=\"wp-block-image size-large\"><a href=\"http:\/\/derechomaz.uas.edu.mx\/wp-content\/uploads\/2022\/04\/convocatoria-nacional-2022.jpg\" target=\"_blank\" rel=\"noopener\"><img loading=\"lazy\" decoding=\"async\" width=\"1034\" height=\"1600\" data-id=\"604\" src=\"http:\/\/derechomaz.uas.edu.mx\/wp-content\/uploads\/2022\/04\/convocatoria-nacional-2022.jpg\" alt=\"Convocatoria de movilidad nacional 2022\" class=\"wp-image-604\" srcset=\"https:\/\/derechomaz.uas.edu.mx\/wp-content\/uploads\/2022\/04\/convocatoria-nacional-2022.jpg 1034w, https:\/\/derechomaz.uas.edu.mx\/wp-content\/uploads\/2022\/04\/convocatoria-nacional-2022-194x300.jpg 194w, https:\/\/derechomaz.uas.edu.mx\/wp-content\/uploads\/2022\/04\/convocatoria-nacional-2022-662x1024.jpg 662w, https:\/\/derechomaz.uas.edu.mx\/wp-content\/uploads\/2022\/04\/convocatoria-nacional-2022-768x1188.jpg 768w, https:\/\/derechomaz.uas.edu.mx\/wp-content\/uploads\/2022\/04\/convocatoria-nacional-2022-993x1536.jpg 993w\" sizes=\"auto, (max-width: 1034px) 100vw, 1034px\" \/><\/a><\/figure>\n\n\n\n<figure class=\"wp-block-image size-large\"><a href=\"http:\/\/derechomaz.uas.edu.mx\/wp-content\/uploads\/2022\/04\/programa-becas-movilidad-2022.jpg\" target=\"_blank\" rel=\"noopener\"><img loading=\"lazy\" decoding=\"async\" width=\"1236\" height=\"1600\" data-id=\"608\" src=\"http:\/\/derechomaz.uas.edu.mx\/wp-content\/uploads\/2022\/04\/programa-becas-movilidad-2022.jpg\" alt=\"Convocatoria de becas movilidad estudiantil 2022\" class=\"wp-image-608\" srcset=\"https:\/\/derechomaz.uas.edu.mx\/wp-content\/uploads\/2022\/04\/programa-becas-movilidad-2022.jpg 1236w, https:\/\/derechomaz.uas.edu.mx\/wp-content\/uploads\/2022\/04\/programa-becas-movilidad-2022-232x300.jpg 232w, https:\/\/derechomaz.uas.edu.mx\/wp-content\/uploads\/2022\/04\/programa-becas-movilidad-2022-791x1024.jpg 791w, https:\/\/derechomaz.uas.edu.mx\/wp-content\/uploads\/2022\/04\/programa-becas-movilidad-2022-768x994.jpg 768w, https:\/\/derechomaz.uas.edu.mx\/wp-content\/uploads\/2022\/04\/programa-becas-movilidad-2022-1187x1536.jpg 1187w\" sizes=\"auto, (max-width: 1236px) 100vw, 1236px\" \/><\/a><\/figure>\n<\/figure>\n","protected":false},"excerpt":{"rendered":"<p>La Universidad Aut\u00f3noma de Sinaloa a trav\u00e9s de la Direcci\u00f3n General de Vinculaci\u00f3n y Relaciones Internacionales cuenta con el programa de movilidad estudiantil el cual consiste en realizar estancias en otras Instituciones de Educaci\u00f3n Superior en M\u00e9xico y en el extranjero con una duraci\u00f3n de un semestre hasta un a\u00f1o, esto con el objetivo de [&hellip;]<\/p>\n","protected":false},"author":1,"featured_media":0,"parent":0,"menu_order":0,"comment_status":"closed","ping_status":"closed","template":"","meta":{"footnotes":""},"class_list":["post-323","page","type-page","status-publish","hentry"],"_links":{"self":[{"href":"https:\/\/derechomaz.uas.edu.mx\/index.php\/wp-json\/wp\/v2\/pages\/323","targetHints":{"allow":["GET"]}}],"collection":[{"href":"https:\/\/derechomaz.uas.edu.mx\/index.php\/wp-json\/wp\/v2\/pages"}],"about":[{"href":"https:\/\/derechomaz.uas.edu.mx\/index.php\/wp-json\/wp\/v2\/types\/page"}],"author":[{"embeddable":true,"href":"https:\/\/derechomaz.uas.edu.mx\/index.php\/wp-json\/wp\/v2\/users\/1"}],"replies":[{"embeddable":true,"href":"https:\/\/derechomaz.uas.edu.mx\/index.php\/wp-json\/wp\/v2\/comments?post=323"}],"version-history":[{"count":6,"href":"https:\/\/derechomaz.uas.edu.mx\/index.php\/wp-json\/wp\/v2\/pages\/323\/revisions"}],"predecessor-version":[{"id":621,"href":"https:\/\/derechomaz.uas.edu.mx\/index.php\/wp-json\/wp\/v2\/pages\/323\/revisions\/621"}],"wp:attachment":[{"href":"https:\/\/derechomaz.uas.edu.mx\/index.php\/wp-json\/wp\/v2\/media?parent=323"}],"curies":[{"name":"wp","href":"https:\/\/api.w.org\/{rel}","templated":true}]}}