{"id":325,"date":"2022-04-01T20:04:07","date_gmt":"2022-04-01T20:04:07","guid":{"rendered":"http:\/\/derechomaz.uas.edu.mx\/?page_id=325"},"modified":"2022-05-04T17:02:16","modified_gmt":"2022-05-04T17:02:16","slug":"servicio-social","status":"publish","type":"page","link":"https:\/\/derechomaz.uas.edu.mx\/index.php\/servicio-social\/","title":{"rendered":"Servicio social"},"content":{"rendered":"\n<p>El&nbsp;Servicio Social<strong>&nbsp;<\/strong>es una actividad que forma parte de la Extensi\u00f3n, consider\u00e1ndose como uno de los principales factores de vinculaci\u00f3n con la sociedad, a la vez que consolida la formaci\u00f3n acad\u00e9mica del estudiante, desarrollando valores y favoreciendo su inserci\u00f3n en el mercado laboral.<\/p>\n\n\n\n<p>La Direcci\u00f3n General de Servicio Social es la instancia de extensi\u00f3n universitaria que planea, administra y gestiona las acciones de servicio social con las Unidades Acad\u00e9micas en cumplimiento de las disposiciones constitucionales y reglamentarias en la materia, con objetivos curriculares y acciones de vinculaci\u00f3n y solidaridad social para el desarrollo sostenible del entorno y as\u00ed, recrear la identidad institucional en el marco de los m\u00e1s altos valores.<\/p>\n\n\n\n<ul class=\"wp-block-list\"><li>Pagina de la Direcci\u00f3n General de Servicio Social: <a href=\"https:\/\/serviciosocial.uas.edu.mx\/\">https:\/\/serviciosocial.uas.edu.mx\/<\/a><\/li><\/ul>\n\n\n\n<div class=\"wp-block-image\"><figure class=\"aligncenter size-full\"><img loading=\"lazy\" decoding=\"async\" width=\"412\" height=\"279\" src=\"http:\/\/derechomaz.uas.edu.mx\/wp-content\/uploads\/2022\/05\/logo-dgss.webp\" alt=\"Logo de la Direcci\u00f3n General de Servicio Social\" class=\"wp-image-634\"\/><\/figure><\/div>\n","protected":false},"excerpt":{"rendered":"<p>El&nbsp;Servicio Social&nbsp;es una actividad que forma parte de la Extensi\u00f3n, consider\u00e1ndose como uno de los principales factores de vinculaci\u00f3n con la sociedad, a la vez que consolida la formaci\u00f3n acad\u00e9mica del estudiante, desarrollando valores y favoreciendo su inserci\u00f3n en el mercado laboral. La Direcci\u00f3n General de Servicio Social es la instancia de extensi\u00f3n universitaria que [&hellip;]<\/p>\n","protected":false},"author":1,"featured_media":0,"parent":0,"menu_order":0,"comment_status":"closed","ping_status":"closed","template":"","meta":{"footnotes":""},"class_list":["post-325","page","type-page","status-publish","hentry"],"_links":{"self":[{"href":"https:\/\/derechomaz.uas.edu.mx\/index.php\/wp-json\/wp\/v2\/pages\/325","targetHints":{"allow":["GET"]}}],"collection":[{"href":"https:\/\/derechomaz.uas.edu.mx\/index.php\/wp-json\/wp\/v2\/pages"}],"about":[{"href":"https:\/\/derechomaz.uas.edu.mx\/index.php\/wp-json\/wp\/v2\/types\/page"}],"author":[{"embeddable":true,"href":"https:\/\/derechomaz.uas.edu.mx\/index.php\/wp-json\/wp\/v2\/users\/1"}],"replies":[{"embeddable":true,"href":"https:\/\/derechomaz.uas.edu.mx\/index.php\/wp-json\/wp\/v2\/comments?post=325"}],"version-history":[{"count":6,"href":"https:\/\/derechomaz.uas.edu.mx\/index.php\/wp-json\/wp\/v2\/pages\/325\/revisions"}],"predecessor-version":[{"id":635,"href":"https:\/\/derechomaz.uas.edu.mx\/index.php\/wp-json\/wp\/v2\/pages\/325\/revisions\/635"}],"wp:attachment":[{"href":"https:\/\/derechomaz.uas.edu.mx\/index.php\/wp-json\/wp\/v2\/media?parent=325"}],"curies":[{"name":"wp","href":"https:\/\/api.w.org\/{rel}","templated":true}]}}