{"id":345,"date":"2022-04-04T18:33:46","date_gmt":"2022-04-04T18:33:46","guid":{"rendered":"http:\/\/derechomaz.uas.edu.mx\/?page_id=345"},"modified":"2022-04-26T16:36:47","modified_gmt":"2022-04-26T16:36:47","slug":"servicios-bufete","status":"publish","type":"page","link":"https:\/\/derechomaz.uas.edu.mx\/index.php\/servicios-bufete\/","title":{"rendered":"Servicios"},"content":{"rendered":"\n<h2 class=\"wp-block-heading\">Servicios que ofrece el Bufete Jur\u00eddico<\/h2>\n\n\n\n<p>Los servicios&nbsp;que se realizan en el Bufete Jur\u00eddico son diversos,&nbsp;est\u00e1n divididos por \u00e1reas jur\u00eddicas.<\/p>\n\n\n\n<ul class=\"wp-block-list\"><li><strong>\u00c1rea Familiar:<\/strong> Esta \u00c1rea se encarga de &nbsp;defender los derechos de los menores y la integridad de la familia,&nbsp; tramitar una demanda por pensi\u00f3n alimenticia,&nbsp; etc.<\/li><li><strong>\u00c1rea Civil:<\/strong> Las actividades m\u00e1s destacadas de esta \u00c1rea son el reconocimiento de paternidad, reconocimiento de hijos fuera del matrimonio,&nbsp; juicios de actas de nacimiento con errores,&nbsp; actas de adopci\u00f3n, cambios en el acta de tutela, solicitar la emancipaci\u00f3n de un hijo,&nbsp;&nbsp; divorcio, t\u00e9rmino del contrato de matrimonio con relaci\u00f3n a los bienes;&nbsp; separaci\u00f3n de bienes, etc.<\/li><li><strong>\u00c1rea Laboral:<\/strong> Dar a conocer al trabajador sus prerrogativas como tener derecho al seguro social, cr\u00e9dito para vivienda, aguinaldo, prima vacacional, prima dominical, el pago jornadas laborales, el pago de horas extras, al ser despedidos cu\u00e1l ser\u00e1 su indemnizaci\u00f3n (finiquito), cuanto le corresponde por su antig\u00fcedad,&nbsp; y dem\u00e1s prestaciones a las cuales tienen derecho por su relaci\u00f3n laboral trabajador &#8211; patr\u00f3n, as\u00ed tambi\u00e9n aclarar sus dudas respecto a sus derechos, etc.<\/li><li><strong>\u00c1rea Constitucional:<\/strong> Entre las actividades m\u00e1s destacadas de esta \u00c1rea se encuentran solicitar amparos directos &nbsp;e indirectos, juicios administrativos cuando una norma o acto de autoridad afecte a los intereses del usuario, as\u00ed tambi\u00e9n aclarar sus dudas respecto a sus derechos, etc.<\/li><\/ul>\n\n\n\n<h2 class=\"wp-block-heading\">Ubicaci\u00f3n y horario<\/h2>\n\n\n\n<p>Av. Ej\u00e9rcito Mexicano &nbsp;S\/N, dentro de las instalaciones de la&nbsp; preparatoria \u201cRub\u00e9n Jaramillo\u201d.<\/p>\n\n\n\n<p>Mazatl\u00e1n, Sinaloa.<\/p>\n\n\n\n<p>Horario de atenci\u00f3n: De Lunes a Viernes de 8:00 a 14:00 horas<\/p>\n","protected":false},"excerpt":{"rendered":"<p>Servicios que ofrece el Bufete Jur\u00eddico Los servicios&nbsp;que se realizan en el Bufete Jur\u00eddico son diversos,&nbsp;est\u00e1n divididos por \u00e1reas jur\u00eddicas. \u00c1rea Familiar: Esta \u00c1rea se encarga de &nbsp;defender los derechos de los menores y la integridad de la familia,&nbsp; tramitar una demanda por pensi\u00f3n alimenticia,&nbsp; etc. \u00c1rea Civil: Las actividades m\u00e1s destacadas de esta \u00c1rea [&hellip;]<\/p>\n","protected":false},"author":1,"featured_media":0,"parent":0,"menu_order":0,"comment_status":"closed","ping_status":"closed","template":"","meta":{"footnotes":""},"class_list":["post-345","page","type-page","status-publish","hentry"],"_links":{"self":[{"href":"https:\/\/derechomaz.uas.edu.mx\/index.php\/wp-json\/wp\/v2\/pages\/345","targetHints":{"allow":["GET"]}}],"collection":[{"href":"https:\/\/derechomaz.uas.edu.mx\/index.php\/wp-json\/wp\/v2\/pages"}],"about":[{"href":"https:\/\/derechomaz.uas.edu.mx\/index.php\/wp-json\/wp\/v2\/types\/page"}],"author":[{"embeddable":true,"href":"https:\/\/derechomaz.uas.edu.mx\/index.php\/wp-json\/wp\/v2\/users\/1"}],"replies":[{"embeddable":true,"href":"https:\/\/derechomaz.uas.edu.mx\/index.php\/wp-json\/wp\/v2\/comments?post=345"}],"version-history":[{"count":6,"href":"https:\/\/derechomaz.uas.edu.mx\/index.php\/wp-json\/wp\/v2\/pages\/345\/revisions"}],"predecessor-version":[{"id":511,"href":"https:\/\/derechomaz.uas.edu.mx\/index.php\/wp-json\/wp\/v2\/pages\/345\/revisions\/511"}],"wp:attachment":[{"href":"https:\/\/derechomaz.uas.edu.mx\/index.php\/wp-json\/wp\/v2\/media?parent=345"}],"curies":[{"name":"wp","href":"https:\/\/api.w.org\/{rel}","templated":true}]}}