{"id":641,"date":"2022-05-04T18:11:28","date_gmt":"2022-05-04T18:11:28","guid":{"rendered":"http:\/\/derechomaz.uas.edu.mx\/?page_id=641"},"modified":"2022-05-06T18:54:23","modified_gmt":"2022-05-06T18:54:23","slug":"servicios-de-la-biblioteca","status":"publish","type":"page","link":"https:\/\/derechomaz.uas.edu.mx\/index.php\/servicios-de-la-biblioteca\/","title":{"rendered":"Servicios de la Biblioteca"},"content":{"rendered":"\n<h2 class=\"wp-block-heading\">Prestamo<\/h2>\n\n\n\n<p>El pr\u00e9stamo del material documental puede ser interno o externo:<\/p>\n\n\n\n<ul class=\"wp-block-list\"><li><strong>Pr\u00e9stamo interno:<\/strong> Consiste en facilitar el material documental a &nbsp;los usuarios exclusivamente dentro de la sala de lectura de la biblioteca.<\/li><li><strong>Pr\u00e9stamo externo:<\/strong> Se proporciona a los usuarios inscritos, de manera personal e intransferible, con el fin de que utilicen el material documental, fuera de las instalaciones de la biblioteca, por el tiempo que establece el reglamento.<\/li><\/ul>\n\n\n\n<p>S\u00f3lo los usuarios internos con registro y credencial vigente&nbsp; pueden hacer uso del servicio de pr\u00e9stamo externo. Estos tendr\u00e1n la posibilidad de solicitar hasta un m\u00e1ximo de tres ejemplares diferentes, siempre y cuando existan los vol\u00famenes suficientes.<\/p>\n\n\n\n<h2 class=\"wp-block-heading\">Consulta de cat\u00e1logo<\/h2>\n\n\n\n<div class=\"wp-block-image\"><figure class=\"aligncenter size-full is-resized\"><img loading=\"lazy\" decoding=\"async\" src=\"http:\/\/derechomaz.uas.edu.mx\/wp-content\/uploads\/2022\/05\/consulta-catalogo.jpg\" alt=\"Programa del cat\u00e1logo de consulta\" class=\"wp-image-654\" width=\"590\" height=\"397\" srcset=\"https:\/\/derechomaz.uas.edu.mx\/wp-content\/uploads\/2022\/05\/consulta-catalogo.jpg 787w, https:\/\/derechomaz.uas.edu.mx\/wp-content\/uploads\/2022\/05\/consulta-catalogo-300x202.jpg 300w, https:\/\/derechomaz.uas.edu.mx\/wp-content\/uploads\/2022\/05\/consulta-catalogo-768x516.jpg 768w\" sizes=\"auto, (max-width: 590px) 100vw, 590px\" \/><\/figure><\/div>\n\n\n\n<h2 class=\"wp-block-heading\">Credencial de estudiante<\/h2>\n\n\n\n<ul class=\"wp-block-list\"><li>El alumno deber\u00e1 entrar al sistema al enlace <a href=\"https:\/\/siia.uasnet.mx\/alumnos\/\" target=\"_blank\" rel=\"noreferrer noopener\">https:\/\/siia.uasnet.mx\/alumnos\/<\/a><\/li><li>Clic en men\u00fa.<\/li><li>Consulta.<\/li><li>Credencial digital de estudiante.<\/li><\/ul>\n\n\n\n<h2 class=\"wp-block-heading\">Sanciones<\/h2>\n\n\n\n<p>Cuando los materiales no sean devueltos en la fecha de vencimiento, el usuario ser\u00e1 suspendido en sus derechos en tanto no sea reintegrado el material. Tendr\u00e1 responsabilidad&nbsp; quien incurra en un da\u00f1o al acervo de los materiales documentales oblig\u00e1ndose a reponer dicho material, en un plazo no mayor a una semana. Mientras tanto ser\u00e1n suspendidos sus derechos en las bibliotecas&nbsp; del sistema.<\/p>\n\n\n\n<h2 class=\"wp-block-heading\">Guardado de objetos<\/h2>\n\n\n\n<p>La biblioteca proporcionar\u00e1 el servicio de guarda de objetos con el prop\u00f3sito de &nbsp;no introducir mochilas o bolsas al \u00e1rea de consulta, no se asume responsabilidad alguna&nbsp; por la p\u00e9rdida de objetos&nbsp; y valores depositados.<\/p>\n\n\n\n<div class=\"wp-block-image\"><figure class=\"aligncenter size-full is-resized\"><img loading=\"lazy\" decoding=\"async\" src=\"http:\/\/derechomaz.uas.edu.mx\/wp-content\/uploads\/2022\/05\/guardado-objetos.jpg\" alt=\"Deposito de objetos guardados\" class=\"wp-image-651\" width=\"364\" height=\"397\" srcset=\"https:\/\/derechomaz.uas.edu.mx\/wp-content\/uploads\/2022\/05\/guardado-objetos.jpg 485w, https:\/\/derechomaz.uas.edu.mx\/wp-content\/uploads\/2022\/05\/guardado-objetos-275x300.jpg 275w\" sizes=\"auto, (max-width: 364px) 100vw, 364px\" \/><\/figure><\/div>\n","protected":false},"excerpt":{"rendered":"<p>Prestamo El pr\u00e9stamo del material documental puede ser interno o externo: Pr\u00e9stamo interno: Consiste en facilitar el material documental a &nbsp;los usuarios exclusivamente dentro de la sala de lectura de la biblioteca. Pr\u00e9stamo externo: Se proporciona a los usuarios inscritos, de manera personal e intransferible, con el fin de que utilicen el material documental, fuera [&hellip;]<\/p>\n","protected":false},"author":1,"featured_media":0,"parent":0,"menu_order":0,"comment_status":"closed","ping_status":"closed","template":"","meta":{"footnotes":""},"class_list":["post-641","page","type-page","status-publish","hentry"],"_links":{"self":[{"href":"https:\/\/derechomaz.uas.edu.mx\/index.php\/wp-json\/wp\/v2\/pages\/641","targetHints":{"allow":["GET"]}}],"collection":[{"href":"https:\/\/derechomaz.uas.edu.mx\/index.php\/wp-json\/wp\/v2\/pages"}],"about":[{"href":"https:\/\/derechomaz.uas.edu.mx\/index.php\/wp-json\/wp\/v2\/types\/page"}],"author":[{"embeddable":true,"href":"https:\/\/derechomaz.uas.edu.mx\/index.php\/wp-json\/wp\/v2\/users\/1"}],"replies":[{"embeddable":true,"href":"https:\/\/derechomaz.uas.edu.mx\/index.php\/wp-json\/wp\/v2\/comments?post=641"}],"version-history":[{"count":6,"href":"https:\/\/derechomaz.uas.edu.mx\/index.php\/wp-json\/wp\/v2\/pages\/641\/revisions"}],"predecessor-version":[{"id":676,"href":"https:\/\/derechomaz.uas.edu.mx\/index.php\/wp-json\/wp\/v2\/pages\/641\/revisions\/676"}],"wp:attachment":[{"href":"https:\/\/derechomaz.uas.edu.mx\/index.php\/wp-json\/wp\/v2\/media?parent=641"}],"curies":[{"name":"wp","href":"https:\/\/api.w.org\/{rel}","templated":true}]}}