{"id":89,"date":"2022-03-17T18:45:54","date_gmt":"2022-03-17T18:45:54","guid":{"rendered":"http:\/\/derechomaz.uas.edu.mx\/?page_id=89"},"modified":"2022-05-26T19:18:36","modified_gmt":"2022-05-26T19:18:36","slug":"admision","status":"publish","type":"page","link":"https:\/\/derechomaz.uas.edu.mx\/index.php\/admision\/","title":{"rendered":"Admisi\u00f3n"},"content":{"rendered":"\n<div class=\"wp-block-columns is-layout-flex wp-container-core-columns-is-layout-28f84493 wp-block-columns-is-layout-flex\">\n<div class=\"wp-block-column is-layout-flow wp-block-column-is-layout-flow\">\n<h2 class=\"wp-block-heading\">Requisitos de preinscripci\u00f3n<\/h2>\n\n\n\n<ol class=\"wp-block-list\"><li>Hacer tu preinscripci\u00f3n en el sitio: <strong><a rel=\"noreferrer noopener\" href=\"http:\/\/dse.uasnet.mx\/preinscripcion\" target=\"_blank\">http:\/\/dse.uasnet.mx\/preinscripcion<\/a><\/strong><\/li><li>Cuando inicies tu preinscripci\u00f3n, deber\u00e1s tener disponible tu <strong>CURP<\/strong>, n\u00famero de <strong>celular<\/strong> y <strong>correo electr\u00f3nico<\/strong>, ya que te llegar\u00e1n claves personales para realizar tu proceso.<\/li><li><strong>Constancia con calificaciones<\/strong> hasta el pen\u00faltimo periodo de bachillerato o copia del <strong>certificado<\/strong> total con promedio m\u00ednimo de 8.<\/li><li>Copia del <strong>acta de nacimiento<\/strong>.<\/li><li><strong>CURP<\/strong> original.<\/li><li><strong>Hoja de pago<\/strong> por concepto de preinscripci\u00f3n pagada.<\/li><li>Llenar su <strong>solicitud de preinscripci\u00f3n<\/strong> desde el portal de admisi\u00f3n e imprimirla. <strong><a rel=\"noreferrer noopener\" href=\"http:\/\/dse.uasnet.mx\/preinscripcion\" target=\"_blank\">http:\/\/dse.uasnet.mx\/preinscripcion<\/a><\/strong><\/li><li>Imprimir su <strong>ficha de preinscripci\u00f3n <\/strong>desde el portal.<\/li><li><strong>Comprobante del registro<\/strong> ante el CENEVAL.<\/li><\/ol>\n<\/div>\n\n\n\n<div class=\"wp-block-column is-layout-flow wp-block-column-is-layout-flow\">\n<h2 class=\"wp-block-heading\">Requisitos de inscripci\u00f3n<\/h2>\n\n\n\n<ol class=\"wp-block-list\"><li>Acreditar el <strong>examen CENEVAL<\/strong>.<\/li><li>Cubrir <strong>curso de inducci\u00f3n<\/strong>.<\/li><li><strong>Certificado de estudios<\/strong> de preparatoria.<strong> <\/strong>(original y 1 copia).<\/li><li><strong>Constancia de autenticidad<\/strong> de certificado de preparatoria<strong> <\/strong>(solo preparatorias externas a la UAS).<\/li><li>Escuelas preparatorias que no pertenezcan al Sistema Nacional de Bachillerato deber\u00e1n entregar certificado legalizado.<\/li><li>Pagar validaci\u00f3n global de bachillerato (alumnos externos a la UAS).<\/li><li><strong>Acta de nacimiento<\/strong> en nuevo formato (original y una copia).<\/li><li><strong>Carta de trabajo<\/strong> (solo aspirantes a la modalidad semiescolarizada).<\/li><li><strong>Certificado m\u00e9dico<\/strong> expedido por la UAS o por un Centro de Salud P\u00fablica.<\/li><li><strong>Carta de protesta<\/strong> y <strong>carta de consentimiento<\/strong> impresa del sitio <strong><a rel=\"noreferrer noopener\" href=\"http:\/\/dse.uasnet.mx\/admision\" target=\"_blank\">http:\/\/dse.uasnet.mx\/admision<\/a><\/strong><\/li><li>Cubrir el pago por concepto de inscripci\u00f3n en el termino determinado por la instituci\u00f3n.<\/li><\/ol>\n<\/div>\n<\/div>\n\n\n\n<figure class=\"wp-block-gallery has-nested-images columns-default is-cropped wp-block-gallery-1 is-layout-flex wp-block-gallery-is-layout-flex\">\n<figure class=\"wp-block-image size-large\"><a href=\"http:\/\/derechomaz.uas.edu.mx\/wp-content\/uploads\/2022\/05\/triptico-1.jpg\" target=\"_blank\" rel=\"noopener\"><img loading=\"lazy\" decoding=\"async\" width=\"1650\" height=\"1275\" data-id=\"689\" src=\"http:\/\/derechomaz.uas.edu.mx\/wp-content\/uploads\/2022\/05\/triptico-1.jpg\" alt=\"P\u00e1gina uno del tr\u00edptico sobre el proceso de preinscripci\u00f3n\" class=\"wp-image-689\" srcset=\"https:\/\/derechomaz.uas.edu.mx\/wp-content\/uploads\/2022\/05\/triptico-1.jpg 1650w, https:\/\/derechomaz.uas.edu.mx\/wp-content\/uploads\/2022\/05\/triptico-1-300x232.jpg 300w, https:\/\/derechomaz.uas.edu.mx\/wp-content\/uploads\/2022\/05\/triptico-1-1024x791.jpg 1024w, https:\/\/derechomaz.uas.edu.mx\/wp-content\/uploads\/2022\/05\/triptico-1-768x593.jpg 768w, https:\/\/derechomaz.uas.edu.mx\/wp-content\/uploads\/2022\/05\/triptico-1-1536x1187.jpg 1536w\" sizes=\"auto, (max-width: 1650px) 100vw, 1650px\" \/><\/a><\/figure>\n\n\n\n<figure class=\"wp-block-image size-large\"><a href=\"http:\/\/derechomaz.uas.edu.mx\/wp-content\/uploads\/2022\/05\/triptico-2.jpg\" target=\"_blank\" rel=\"noopener\"><img loading=\"lazy\" decoding=\"async\" width=\"1650\" height=\"1275\" data-id=\"690\" src=\"http:\/\/derechomaz.uas.edu.mx\/wp-content\/uploads\/2022\/05\/triptico-2.jpg\" alt=\"P\u00e1gina dos del tr\u00edptico sobre el proceso de preinscripci\u00f3n\" class=\"wp-image-690\" srcset=\"https:\/\/derechomaz.uas.edu.mx\/wp-content\/uploads\/2022\/05\/triptico-2.jpg 1650w, https:\/\/derechomaz.uas.edu.mx\/wp-content\/uploads\/2022\/05\/triptico-2-300x232.jpg 300w, https:\/\/derechomaz.uas.edu.mx\/wp-content\/uploads\/2022\/05\/triptico-2-1024x791.jpg 1024w, https:\/\/derechomaz.uas.edu.mx\/wp-content\/uploads\/2022\/05\/triptico-2-768x593.jpg 768w, https:\/\/derechomaz.uas.edu.mx\/wp-content\/uploads\/2022\/05\/triptico-2-1536x1187.jpg 1536w\" sizes=\"auto, (max-width: 1650px) 100vw, 1650px\" \/><\/a><\/figure>\n<\/figure>\n","protected":false},"excerpt":{"rendered":"<p>Requisitos de preinscripci\u00f3n e inscripci\u00f3n&#8230;<\/p>\n","protected":false},"author":1,"featured_media":0,"parent":0,"menu_order":0,"comment_status":"closed","ping_status":"closed","template":"","meta":{"footnotes":""},"class_list":["post-89","page","type-page","status-publish","hentry"],"_links":{"self":[{"href":"https:\/\/derechomaz.uas.edu.mx\/index.php\/wp-json\/wp\/v2\/pages\/89","targetHints":{"allow":["GET"]}}],"collection":[{"href":"https:\/\/derechomaz.uas.edu.mx\/index.php\/wp-json\/wp\/v2\/pages"}],"about":[{"href":"https:\/\/derechomaz.uas.edu.mx\/index.php\/wp-json\/wp\/v2\/types\/page"}],"author":[{"embeddable":true,"href":"https:\/\/derechomaz.uas.edu.mx\/index.php\/wp-json\/wp\/v2\/users\/1"}],"replies":[{"embeddable":true,"href":"https:\/\/derechomaz.uas.edu.mx\/index.php\/wp-json\/wp\/v2\/comments?post=89"}],"version-history":[{"count":9,"href":"https:\/\/derechomaz.uas.edu.mx\/index.php\/wp-json\/wp\/v2\/pages\/89\/revisions"}],"predecessor-version":[{"id":693,"href":"https:\/\/derechomaz.uas.edu.mx\/index.php\/wp-json\/wp\/v2\/pages\/89\/revisions\/693"}],"wp:attachment":[{"href":"https:\/\/derechomaz.uas.edu.mx\/index.php\/wp-json\/wp\/v2\/media?parent=89"}],"curies":[{"name":"wp","href":"https:\/\/api.w.org\/{rel}","templated":true}]}}