{"id":91,"date":"2022-03-17T18:46:10","date_gmt":"2022-03-17T18:46:10","guid":{"rendered":"http:\/\/derechomaz.uas.edu.mx\/?page_id=91"},"modified":"2022-03-28T19:21:15","modified_gmt":"2022-03-28T19:21:15","slug":"campo-laboral","status":"publish","type":"page","link":"https:\/\/derechomaz.uas.edu.mx\/index.php\/campo-laboral\/","title":{"rendered":"Campo laboral"},"content":{"rendered":"\n<p>El campo laboral del profesional de esta disciplina resulta pr\u00e1cticamente ilimitado, ya que la acci\u00f3n del profesional del derecho es universal, toda vez que en todas las \u00e1reas de la actividad humana se requiere, en alguna medida, interpretar, aplicar o generar normas y actitudes jur\u00eddicas.<\/p>\n\n\n\n<p>En la actualidad, el abogado o el licenciado en Derecho ejerce como tal, tanto en la pr\u00e1ctica forense como postulante, juez, magistrado o agente del ministerio p\u00fablico, en el \u00e1mbito federal o estatal, en actividades de representaci\u00f3n, asesoramiento y defensor\u00eda; act\u00faa en forma destacada en actividades relativas a la interpretaci\u00f3n y aplicaci\u00f3n de normas jur\u00eddicas en diversos tribunales, en la administraci\u00f3n y operaci\u00f3n de los mismos.<\/p>\n\n\n\n<p>Asimismo, el licenciado en Derecho puede desarrollar su actividad profesional tanto en la administraci\u00f3n e impartici\u00f3n de la justicia como en la defensa de los derechos humanos. Por otro lado, las circunstancias actuales y futuras indican la necesidad de crear nuevos juzgados en materia federal y local, tribunales agrarios y comisiones de derechos humanos, lo que redunda en mayor espacio para el ejercicio de la abogac\u00eda.<\/p>\n\n\n\n<p>La globalizaci\u00f3n de la econom\u00eda nacional y su vinculaci\u00f3n en los \u00e1mbitos internacionales exige una preparaci\u00f3n del egresado que le permita competir en el mercado internacional, pudiendo desarrollarse tanto&nbsp;&nbsp; en organismos internacionales a trav\u00e9s de proyectos relacionados con temas de afecci\u00f3n social como en consulados, embajadas u organismos internacionales atendiendo temas migratorios.<\/p>\n\n\n\n<p>El abogado tambi\u00e9n puede laborar de manera independiente, por su cuenta o asociado con profesionistas de su misma actividad o de otras profesiones, en despachos de consultor\u00eda y asesor\u00eda o en Bufetes jur\u00eddicos nacionales e internacionales litigando en lo civil, familiar, penal, mercantil, ambiental, laboral, etc. ; como directivo, asesor o trabajador de empresas p\u00fablicas y privadas, con una participaci\u00f3n cada vez mayor, en la funci\u00f3n administrativa y en las actividades del Estado, sobre todo en las actividades encargadas a los \u00f3rganos ejecutivos.<\/p>\n\n\n\n<p>En resumen las &nbsp;\u00e1reas en las que &nbsp;pueden desempe\u00f1arse son:<\/p>\n\n\n\n<ul class=\"wp-block-list\"><li><strong>Empresa de expansi\u00f3n internacional y multinacional, al realizar an\u00e1lisis estrat\u00e9gico para la toma de decisiones.<\/strong><\/li><li><strong>Medios masivos de comunicaci\u00f3n como analista pol\u00edtico.<\/strong><\/li><li><strong>Instituciones acad\u00e9micas y centros de investigaci\u00f3n.<\/strong><\/li><li><strong>Organizaciones no gubernamentales.<\/strong><\/li><li><strong>Notarias p\u00fablicas y organizaciones de la sociedad civil.<\/strong><\/li><li><strong>Pr\u00e1ctica forense.<\/strong><\/li><li><strong>Magistrado o agente del ministerio p\u00fablico.<\/strong><\/li><li><strong>Diplomacia.<\/strong><\/li><li><strong>Despachos de consultor\u00eda y asesor\u00eda o en bufetes jur\u00eddicos.<\/strong><\/li><li><strong>Directivo, asesor o trabajador de empresas p\u00fablicas y privadas.<\/strong><\/li><\/ul>\n","protected":false},"excerpt":{"rendered":"<p>El campo laboral del profesional de esta disciplina resulta pr\u00e1cticamente ilimitado, ya que la acci\u00f3n del profesional del derecho es universal, toda vez que en todas las \u00e1reas de la actividad humana se requiere, en alguna medida, interpretar, aplicar o generar normas y actitudes jur\u00eddicas. En la actualidad, el abogado o el licenciado en Derecho [&hellip;]<\/p>\n","protected":false},"author":1,"featured_media":0,"parent":0,"menu_order":0,"comment_status":"closed","ping_status":"closed","template":"","meta":{"footnotes":""},"class_list":["post-91","page","type-page","status-publish","hentry"],"_links":{"self":[{"href":"https:\/\/derechomaz.uas.edu.mx\/index.php\/wp-json\/wp\/v2\/pages\/91","targetHints":{"allow":["GET"]}}],"collection":[{"href":"https:\/\/derechomaz.uas.edu.mx\/index.php\/wp-json\/wp\/v2\/pages"}],"about":[{"href":"https:\/\/derechomaz.uas.edu.mx\/index.php\/wp-json\/wp\/v2\/types\/page"}],"author":[{"embeddable":true,"href":"https:\/\/derechomaz.uas.edu.mx\/index.php\/wp-json\/wp\/v2\/users\/1"}],"replies":[{"embeddable":true,"href":"https:\/\/derechomaz.uas.edu.mx\/index.php\/wp-json\/wp\/v2\/comments?post=91"}],"version-history":[{"count":3,"href":"https:\/\/derechomaz.uas.edu.mx\/index.php\/wp-json\/wp\/v2\/pages\/91\/revisions"}],"predecessor-version":[{"id":242,"href":"https:\/\/derechomaz.uas.edu.mx\/index.php\/wp-json\/wp\/v2\/pages\/91\/revisions\/242"}],"wp:attachment":[{"href":"https:\/\/derechomaz.uas.edu.mx\/index.php\/wp-json\/wp\/v2\/media?parent=91"}],"curies":[{"name":"wp","href":"https:\/\/api.w.org\/{rel}","templated":true}]}}